{"id":7,"date":"2013-06-04T12:11:30","date_gmt":"2013-06-04T10:11:30","guid":{"rendered":"http:\/\/dresslikeaparisian.com\/?page_id=7"},"modified":"2026-01-28T15:05:52","modified_gmt":"2026-01-28T14:05:52","slug":"about-me","status":"publish","type":"page","link":"https:\/\/dresslikeaparisian.com\/fr\/conseil-en-image-paris\/","title":{"rendered":"Conseil en image"},"content":{"rendered":"<p>Bonjour,<\/p>\n<p>Je m&rsquo;appelle Alo\u00efs Guinut et suis suis styliste personnelle (ou conseill\u00e8re en image, ou personal shopper comme vous pr\u00e9f\u00e9rez!) depuis 2016.<\/p>\n<p><em><strong>Ma mission : vous aider \u00e0 d\u00e9couvrir le look dans lequel vous rayonnerez.<\/strong><\/em><\/p>\n<p><em><strong>Faites appel \u00e0 moi pour trouver le style qui correspond \u00e0 votre personnalit\u00e9, \u00e0 votre mode de vie, \u00e0 votre morphologie et \u00e0 votre carnation.<\/strong><\/em><\/p>\n<p>Dipl\u00f4m\u00e9e de l&rsquo;Institut Fran\u00e7ais de la Mode, j&rsquo;ai travaill\u00e9 quelques ann\u00e9es dans le milieu de la mode, notamment dans un bureau de tendances, avant de me lancer \u00e0 mon compte.<\/p>\n<p>Le d\u00e9clic?<\/p>\n<p>Un jour, mon amie Ang\u00e8le m&rsquo;a demand\u00e9 des conseils pour mettre en accord son look de bureau qu&rsquo;elle trouvait trop \u00ab\u00a0souris grise\u00a0\u00bb avec sa flamboyante personnalit\u00e9.\u00a0 Je l&rsquo;ai donc aid\u00e9 \u00e0 retourner son placard pour lui cr\u00e9er des tenues avec ce qu&rsquo;elle poss\u00e9dait d\u00e9j\u00e0 et d\u00e9terminer ce dont elle avait besoin avant de l&rsquo;accompagner choisir des v\u00eatements en boutique. R\u00e9sultat, une Ang\u00e8le plus color\u00e9e, moins brouillon, rock et joyeuse au bureau comme dans la vie de tous les jours.<\/p>\n<p>Ravie de son nouveau style, elle a recolt\u00e9 plein de compliments&#8230; ce qui a convaincu sa soeur a\u00een\u00e9e de lui embo\u00eeter le pas. Je lui ai factur\u00e9 mes services. Et hop! j&rsquo;avais transform\u00e9 ma passion en m\u00e9tier.<\/p>\n<p>Aujourd&rsquo;hui, j&rsquo;exerce mon activit\u00e9 de conseil en image aupr\u00e8s de client.e.s fran\u00e7ais.e.s et international.e.s depuis 10 ans et voir mes client.e.s \u00ab\u00a0bien dans leur baskets\u00a0\u00bb (m\u00eame si ici on est plut\u00f4t souliers) me procure beaucoup de bonheur.<\/p>\n<p><strong>Mon mantra? Acheter moins pour s&rsquo;habiller mieux.<\/strong><\/p>\n<p>Quand on sait ce qui nous va, pas besoin d&rsquo;une armoire qui d\u00e9borde pour \u00eatre au top!<\/p>\n<p>R\u00e9servez une session de coaching avec moi pour vous r\u00e9v\u00e9ler! Ou alors contactez moi juste pour en savoir plus.<\/p>\n\n<!-- WP Button Creator plugin v1.6 - http:\/\/www.tipsandtricks-hq.com\/?p=4829 -->\n<style type=\"text\/css\">div.wpbtn_container_1{}a.wpbtn_1{text-decoration:none;font-family:Verdana;color:#000000;font-size:16px;font-style:normal;font-weight:normal;padding:10px 20px 10px 20px;background:linear-gradient(#ffffff 45%, #ededed);background:-moz-linear-gradient(#ffffff 45%, #ededed);background:-o-linear-gradient(#ffffff 45%, #ededed);background:-webkit-gradient(linear, left top, left bottom, color-stop(.45, #ffffff), color-stop(1, #ededed));border:solid 1px #999999;-moz-border-radius:4px 4px 4px 4px;-webkit-border-radius:4px 4px 4px 4px;border-radius:4px 4px 4px 4px;text-shadow:-1px -1px 0px #cccccc;box-shadow:0px 0px 2px #cccccc;margin: 2px;display: inline-block;}a.wpbtn_1:hover{color:#999999;background:linear-gradient(#ededed 45%, #b5b5b5);background:-moz-linear-gradient(#ededed 45%, #b5b5b5);background:-o-linear-gradient(#ededed 45%, #b5b5b5);background:-webkit-gradient(linear, left top, left bottom, color-stop(.45, #ededed), color-stop(1, #b5b5b5));text-shadow:-1px -1px 0px #cccccc;box-shadow:0px 0px 2px #cccccc;border:solid 1px #999999;}<\/style><a class=\"wpbtn_1\" href=\"http:\/\/dresslikeaparisian.com\/contact\/\" target=\"\">Book me<\/a>\n<p><strong>La presse parle de moi<\/strong><\/p>\n<p><a href=\"https:\/\/www.theguardian.com\/travel\/2017\/mar\/05\/fashion-shopping-in-paris-marais-district-boutiques-in-search-of-chic\">The Guardian<\/a>, TF1, \u00a0<a href=\"https:\/\/madame.lefigaro.fr\/style\/jai-passe-170-minutes-avec-une-personal-shoppeuse-121214-93390\">Madame Figaro<\/a>, l&rsquo;Obs, BBC 4 radio, BBC news, <a href=\"https:\/\/www.thehindu.com\/life-and-style\/luxury\/access-is-everything-persoanl-shoppers-for-globetrotters\/article23853378.ece\">The Hindu<\/a>, Eurosport Deutschland, Frankfurter allgemeine Zeitung, <a href=\"https:\/\/www.brain-magazine.fr\/article\/brainorama\/54209-La-mode-ca-devient-pas-un-peu-n-importe-quoi\">SMT?! by Deezer,<\/a>\u00a0 <a href=\"https:\/\/www.viva.co.nz\/article\/culture-travel\/paris-alois-guinut\/\">Viva NZ<\/a>, Bravacasa, <a href=\"https:\/\/www.chicagomag.com\/chicago-magazine\/october-2017\/the-jet-setters-guide-to-weekends\/\">Chicago mag<\/a>, la t\u00e9l\u00e9 russe (oui oui, j&rsquo;ai oubli\u00e9 le nom des cha\u00eenes), etc&#8230;<\/p>\n<p><strong>Mes livres<\/strong><\/p>\n<p>J&rsquo;ai publi\u00e9 trois livres chez Hachette UK. Les deux premiers sont en anglais (et traduits en allemand, en russe&#8230; mais pas en fran\u00e7ais), d\u00e9sol\u00e9e pour les purs francophones. Mais le troisi\u00e8me a \u00e9t\u00e9 traduit en fran\u00e7ais (m\u00eame pas par moi, scandale) (mais je suis repass\u00e9e derri\u00e8re).<\/p>\n<ul>\n<li>\u00ab\u00a0<a href=\"https:\/\/www.amazon.fr\/Dress-Like-Parisian-Alo%C3%AFs-Guinut\/dp\/1784724181\/ref=pd_sbs_1?pd_rd_w=1SeJO&amp;pf_rd_p=f16d5c64-842c-44a1-8413-dc027f39a537&amp;pf_rd_r=TCV42HZZ0RC5E29SSJ2W&amp;pd_rd_r=34f9370e-41b6-41a0-87e4-75afd7e2d571&amp;pd_rd_wg=stgGY&amp;pd_rd_i=1784724181&amp;psc=1\">Dress like a Parisian<\/a>\u00a0\u00bb en 2018\n<ul>\n<li>D\u00e9j\u00e0 vendu \u00e0 25000 exemplaires il a \u00e9t\u00e9 traduit en allemand, en russe et bient\u00f4t en chinois<\/li>\n<li>Une \u00ab\u00a0bible\u00a0\u00bb (ouais rien que \u00e7a) du style \u00e0 la fran\u00e7aises avec des conseils facilement applicables en mati\u00e8re de couleurs, de formes de mati\u00e8res, de morphologies, de style et les petits secrets de filles qui ont de l&rsquo;allure. En plus je suis rigolote (croyez moi sur parole)<\/li>\n<\/ul>\n<\/li>\n<li>\u00ab\u00a0<a href=\"https:\/\/www.amazon.fr\/Why-French-Women-Wear-Vintage\/dp\/1784726699\/ref=pd_sbs_1?pd_rd_w=I56Al&amp;pf_rd_p=f16d5c64-842c-44a1-8413-dc027f39a537&amp;pf_rd_r=HN8M2YW9E4W5MMP5C5CJ&amp;pd_rd_r=a48ec7ba-801a-40e0-a4c6-65fcdebaeff4&amp;pd_rd_wg=XUAOW&amp;pd_rd_i=1784726699&amp;psc=1\">Why French women wear vintage<\/a>\u00ab\u00a0, en 2020\n<ul>\n<li>Existe \u00e9galement en allemand<\/li>\n<li>Le guide de celles qui veulent avoir du style en pr\u00e9servant l&rsquo;environnement. Mes conseils pour porter les v\u00eatements que vous poss\u00e9dez d\u00e9j\u00e0, pour acheter vintage et seconde main, pour reconna\u00eetre des habits de qualit\u00e9 et en prendre soin afin de les garder looooongtemps<\/li>\n<\/ul>\n<\/li>\n<li>\u00ab\u00a0<a href=\"https:\/\/www.fnac.com\/a16670447\/Alois-Guinut-Little-Book-of-Paris-Style\">The little book of Paris style<\/a>\u00ab\u00a0, en 2023 (<a href=\"https:\/\/passculture.app\/offre\/228418346?from=offer&amp;fromOfferId=93668321&amp;apiRecoParams=%7B%22ab_test%22%3Anull%2C%22call_id%22%3A%2218a96a78-2e6c-48c2-886e-08085c4c6b92%22%2C%22filtered%22%3Anull%2C%22geo_located%22%3Anull%2C%22model_endpoint%22%3Anull%2C%22model_name%22%3Anull%2C%22model_version%22%3Anull%2C%22reco_origin%22%3A%22algo%22%7D&amp;playlistType=sameCategorySimilarOffers\">disponible en VF<\/a>)\n<ul>\n<li>comment le style parisien est il n\u00e9?<\/li>\n<li>\u00e0 travers ses magasins embl\u00e9matiques, ses couturiers historiques, ses ic\u00f4nes de style en passant par la Tour Eiffel et &#8230; la cigarette (oui, oui, oui, j&rsquo;ai brav\u00e9 la censure).<\/li>\n<\/ul>\n<\/li>\n<\/ul>\n<p>Achetez chez votre libraire ch\u00e9ri plut\u00f4t que sur Amazon si vous le pouvez!<\/p>\n<p><a href=\"https:\/\/dresslikeaparisian.bigcartel.com\/category\/books\">Ou commandez directement un exemplaire d\u00e9dicac\u00e9 ici<\/a>. C&rsquo;est un peu plus cher (les frais de port&#8230;) mais la marge revendeur va dans ma poche et en prime vous avez une magnifique d\u00e9dicace de ma blanche main (j&rsquo;ai une tr\u00e8s jolie \u00e9criture sachez le).<\/p>\n<p>Et si vous voulez \u00e9couter ma douce voix je vous recommande mon podcast <a href=\"https:\/\/www.binge.audio\/qui-fait-la-mode\/\"><em>Qui fait la mode?<\/em><\/a>, produit en 2019 par Binge audio.<\/p>\n<p>&nbsp;<\/p>\n<p><strong><img loading=\"lazy\" class=\"alignnone wp-image-5822 \" src=\"https:\/\/dresslikeaparisian.com\/wp-content\/uploads\/2020\/02\/Conseille\u0300re-en-image-Paris-1024x768.jpeg\" alt=\"Styliste personnelle Paris\" width=\"400\" height=\"300\" srcset=\"https:\/\/dresslikeaparisian.com\/wp-content\/uploads\/2020\/02\/Conseille\u0300re-en-image-Paris-1024x768.jpeg 1024w, https:\/\/dresslikeaparisian.com\/wp-content\/uploads\/2020\/02\/Conseille\u0300re-en-image-Paris-300x225.jpeg 300w, https:\/\/dresslikeaparisian.com\/wp-content\/uploads\/2020\/02\/Conseille\u0300re-en-image-Paris-768x576.jpeg 768w, https:\/\/dresslikeaparisian.com\/wp-content\/uploads\/2020\/02\/Conseille\u0300re-en-image-Paris-450x338.jpeg 450w, https:\/\/dresslikeaparisian.com\/wp-content\/uploads\/2020\/02\/Conseille\u0300re-en-image-Paris-640x480.jpeg 640w\" sizes=\"(max-width: 400px) 100vw, 400px\" \/><\/strong><\/p>","protected":false},"excerpt":{"rendered":"<p>Bonjour, Je m&rsquo;appelle Alo\u00efs Guinut et suis suis styliste personnelle (ou conseill\u00e8re en image, ou personal shopper comme vous pr\u00e9f\u00e9rez!) depuis 2016. Ma mission : vous aider \u00e0 d\u00e9couvrir le look dans lequel vous rayonnerez. Faites appel \u00e0 moi pour trouver le style qui correspond \u00e0 votre personnalit\u00e9, \u00e0 votre mode de vie, \u00e0 votre [&hellip;]<\/p>\n","protected":false},"author":2,"featured_media":1441,"parent":0,"menu_order":0,"comment_status":"closed","ping_status":"closed","template":"","meta":[],"yoast_head":"<!-- This site is optimized with the Yoast SEO plugin v15.9.1 - https:\/\/yoast.com\/wordpress\/plugins\/seo\/ -->\n<title>Personal Shopper Paris - Dress like a Parisian - Styliste personnelle<\/title>\n<meta name=\"description\" content=\"Stylisme, personal shopping, conseil en image, optimisation de garde-robe \u00e0 Paris, chez vous ou \u00e0 distance. Approche personalis\u00e9e, conseils en formes, couleurs et styles.\" \/>\n<link rel=\"canonical\" href=\"https:\/\/dresslikeaparisian.com\/personal-shopper-paris\/\" \/>\n<meta property=\"og:locale\" content=\"fr_FR\" \/>\n<meta property=\"og:type\" content=\"article\" \/>\n<meta property=\"og:title\" content=\"[:fr]Personal Shopper Paris - Dress like a Parisian - Styliste personnelle [:]\" \/>\n<meta property=\"og:description\" content=\"{:fr}Stylisme, personal shopping, conseil en image, optimisation de garde-robe \u00e0 Paris, chez vous ou \u00e0 distance. Approche personalis\u00e9e, conseils en formes, couleurs et styles. {:}\" \/>\n<meta property=\"og:url\" content=\"https:\/\/dresslikeaparisian.com\/personal-shopper-paris\/\" \/>\n<meta property=\"og:site_name\" content=\"Personal Shopper Paris - Dress like a Parisian\" \/>\n<meta property=\"article:publisher\" content=\"https:\/\/www.facebook.com\/dresslikeaparisian\/\" \/>\n<meta property=\"article:modified_time\" content=\"2026-01-28T14:05:52+00:00\" \/>\n<meta property=\"og:image\" content=\"https:\/\/dresslikeaparisian.com\/wp-content\/uploads\/2013\/06\/MG_5176.jpg\" \/>\n\t<meta property=\"og:image:width\" content=\"1276\" \/>\n\t<meta property=\"og:image:height\" content=\"850\" \/>\n<meta name=\"twitter:card\" content=\"summary_large_image\" \/>\n<meta name=\"twitter:label1\" content=\"Dur\u00e9e de lecture est.\">\n\t<meta name=\"twitter:data1\" content=\"3 minutes\">\n<script type=\"application\/ld+json\" class=\"yoast-schema-graph\">{\"@context\":\"https:\/\/schema.org\",\"@graph\":[{\"@type\":\"WebSite\",\"@id\":\"https:\/\/dresslikeaparisian.com\/#website\",\"url\":\"https:\/\/dresslikeaparisian.com\/\",\"name\":\"Personal Shopper Paris - Dress like a Parisian\",\"description\":\"\",\"potentialAction\":[{\"@type\":\"SearchAction\",\"target\":\"https:\/\/dresslikeaparisian.com\/?s={search_term_string}\",\"query-input\":\"required name=search_term_string\"}],\"inLanguage\":\"fr-FR\"},{\"@type\":\"ImageObject\",\"@id\":\"https:\/\/dresslikeaparisian.com\/personal-shopper-paris\/#primaryimage\",\"inLanguage\":\"fr-FR\",\"url\":\"https:\/\/dresslikeaparisian.com\/wp-content\/uploads\/2013\/06\/MG_5176.jpg\",\"width\":1276,\"height\":850},{\"@type\":\"WebPage\",\"@id\":\"https:\/\/dresslikeaparisian.com\/personal-shopper-paris\/#webpage\",\"url\":\"https:\/\/dresslikeaparisian.com\/personal-shopper-paris\/\",\"name\":\"[:fr]Personal Shopper Paris - Dress like a Parisian - Styliste personnelle [:]\",\"isPartOf\":{\"@id\":\"https:\/\/dresslikeaparisian.com\/#website\"},\"primaryImageOfPage\":{\"@id\":\"https:\/\/dresslikeaparisian.com\/personal-shopper-paris\/#primaryimage\"},\"datePublished\":\"2013-06-04T10:11:30+00:00\",\"dateModified\":\"2026-01-28T14:05:52+00:00\",\"description\":\"{:fr}Stylisme, personal shopping, conseil en image, optimisation de garde-robe \\u00e0 Paris, chez vous ou \\u00e0 distance. Approche personalis\\u00e9e, conseils en formes, couleurs et styles. {:}\",\"breadcrumb\":{\"@id\":\"https:\/\/dresslikeaparisian.com\/personal-shopper-paris\/#breadcrumb\"},\"inLanguage\":\"fr-FR\",\"potentialAction\":[{\"@type\":\"ReadAction\",\"target\":[\"https:\/\/dresslikeaparisian.com\/personal-shopper-paris\/\"]}]},{\"@type\":\"BreadcrumbList\",\"@id\":\"https:\/\/dresslikeaparisian.com\/personal-shopper-paris\/#breadcrumb\",\"itemListElement\":[{\"@type\":\"ListItem\",\"position\":1,\"item\":{\"@type\":\"WebPage\",\"@id\":\"https:\/\/dresslikeaparisian.com\/\",\"url\":\"https:\/\/dresslikeaparisian.com\/\",\"name\":\"Home\"}},{\"@type\":\"ListItem\",\"position\":2,\"item\":{\"@type\":\"WebPage\",\"@id\":\"https:\/\/dresslikeaparisian.com\/personal-shopper-paris\/\",\"url\":\"https:\/\/dresslikeaparisian.com\/personal-shopper-paris\/\",\"name\":\"Personal stylist\"}}]}]}<\/script>\n<!-- \/ Yoast SEO plugin. -->","_links":{"self":[{"href":"https:\/\/dresslikeaparisian.com\/fr\/wp-json\/wp\/v2\/pages\/7"}],"collection":[{"href":"https:\/\/dresslikeaparisian.com\/fr\/wp-json\/wp\/v2\/pages"}],"about":[{"href":"https:\/\/dresslikeaparisian.com\/fr\/wp-json\/wp\/v2\/types\/page"}],"author":[{"embeddable":true,"href":"https:\/\/dresslikeaparisian.com\/fr\/wp-json\/wp\/v2\/users\/2"}],"replies":[{"embeddable":true,"href":"https:\/\/dresslikeaparisian.com\/fr\/wp-json\/wp\/v2\/comments?post=7"}],"version-history":[{"count":74,"href":"https:\/\/dresslikeaparisian.com\/fr\/wp-json\/wp\/v2\/pages\/7\/revisions"}],"predecessor-version":[{"id":6738,"href":"https:\/\/dresslikeaparisian.com\/fr\/wp-json\/wp\/v2\/pages\/7\/revisions\/6738"}],"wp:featuredmedia":[{"embeddable":true,"href":"https:\/\/dresslikeaparisian.com\/fr\/wp-json\/wp\/v2\/media\/1441"}],"wp:attachment":[{"href":"https:\/\/dresslikeaparisian.com\/fr\/wp-json\/wp\/v2\/media?parent=7"}],"curies":[{"name":"wp","href":"https:\/\/api.w.org\/{rel}","templated":true}]}}