{"id":6651,"date":"2021-03-11T18:39:10","date_gmt":"2021-03-11T17:39:10","guid":{"rendered":"http:\/\/dresslikeaparisian.com\/?page_id=6651"},"modified":"2021-03-11T23:44:14","modified_gmt":"2021-03-11T22:44:14","slug":"masterclass","status":"publish","type":"page","link":"https:\/\/dresslikeaparisian.com\/fr\/masterclass\/","title":{"rendered":"Masterclass"},"content":{"rendered":"<p><\/p>\n<p class=\"p1\"><b>Trouvez votre vibe couleur! Le 25 mars \u00e0 18h30 heure de Paris sur zoom<\/b><\/p>\n<p class=\"p1\">Une masterclass d&rsquo;Alo\u00efs Guinut, styliste personnelle avec un petit groupe interactif de 8 personnes.<\/p>\n<p class=\"p1\">Dur\u00e9e 1h30<\/p>\n<p class=\"p1\">Les couleurs qui vous vont bien ne se limitent pas \u00e0 une palette saisonnale.<\/p>\n<p class=\"p1\">Elles sont fonction de vos yeux, de votre teint, de vos cheveux mais aussi de votre personnalit\u00e9<\/p>\n<p class=\"p1\">Mon approche de la colorim\u00e9trie vous permet d&rsquo;identifier facilement un large spectre de couleur qui vous met en valeur tout en correspondant \u00e0 votre personnalit\u00e9<\/p>\n<p class=\"p1\"><b>1\/ Ma m\u00e9thode de colorim\u00e9trie \u00ab\u00a0color vibe\u00a0\u00bb<\/b><\/p>\n<ul class=\"ul1\">\n<li class=\"li1\">Trouver les couleurs qui vous rendent lumineuse (neutres et autres)<\/li>\n<li class=\"li1\">Trouver les couleurs qui correspondent \u00e0 votre personnalit\u00e9<\/li>\n<li class=\"li1\">Comment porter un maximum de couleurs avec style?<\/li>\n<\/ul>\n<p class=\"p1\"><b>2\/ D\u00e9couvrez votre vibe couleur<\/b><\/p>\n<p class=\"p1\">On passe \u00e0 la pratique!<\/p>\n<p class=\"p1\">Je partage avec vous les photos bien \u00e9clair\u00e9es du visage de chaque participant et nous faisons un tour de table pour un court entretien entre moi et chacun.e d&rsquo;entre vous afin de d\u00e9terminer la vibe \u00ab\u00a0personnalit\u00e9\u00a0\u00bb de chacun.e.<\/p>\n<p class=\"p1\">Puis les participants font part, dans la bienveillance, de la vibe couleur qu&rsquo;ils ressentent chez les autres. Je partage ensuite ma propre opinion et nous en discutons avec celle\/ celui dont on parle.<\/p>\n<p class=\"p1\"><b>3\/ Comment porter les couleurs<\/b><\/p>\n<ul class=\"ul1\">\n<li class=\"li1\">Les couleurs neutres<\/li>\n<li class=\"li1\">Les couleurs flatteuses<\/li>\n<li class=\"li1\">Les couleurs moins flatteuses<\/li>\n<\/ul>\n<p><a class=\"weezevent-widget-integration\" title=\"Logiciel billetterie en ligne\" href=\"https:\/\/weezevent.com\/?c=sys_widget\" target=\"_blank\" rel=\"noopener\" data-src=\"https:\/\/widget.weezevent.com\/ticket\/E696309\/?code=73007&amp;locale=fr-FR&amp;width_auto=1&amp;color_primary=00AEEF\" data-width=\"650\" data-height=\"600\" data-id=\"696309\" data-resize=\"1\" data-width_auto=\"1\" data-noscroll=\"0\" data-use-container=\"yes\" data-type=\"neo\">Billetterie Weezevent<\/a><br \/>\n<script type=\"text\/javascript\" src=\"https:\/\/widget.weezevent.com\/weez.js\"><\/script><\/p>","protected":false},"excerpt":{"rendered":"<p>Trouvez votre vibe couleur! Le 25 mars \u00e0 18h30 heure de Paris sur zoom Une masterclass d&rsquo;Alo\u00efs Guinut, styliste personnelle avec un petit groupe interactif de 8 personnes. Dur\u00e9e 1h30 Les couleurs qui vous vont bien ne se limitent pas \u00e0 une palette saisonnale. Elles sont fonction de vos yeux, de votre teint, de vos [&hellip;]<\/p>\n","protected":false},"author":2,"featured_media":0,"parent":0,"menu_order":0,"comment_status":"closed","ping_status":"closed","template":"","meta":[],"yoast_head":"<!-- This site is optimized with the Yoast SEO plugin v15.9.1 - https:\/\/yoast.com\/wordpress\/plugins\/seo\/ -->\n<title>Masterclass - Personal Shopper Paris - Dress like a Parisian<\/title>\n<link rel=\"canonical\" href=\"https:\/\/dresslikeaparisian.com\/masterclass\/\" \/>\n<meta property=\"og:locale\" content=\"fr_FR\" \/>\n<meta property=\"og:type\" content=\"article\" \/>\n<meta property=\"og:title\" content=\"Masterclass - Personal Shopper Paris - Dress like a Parisian\" \/>\n<meta property=\"og:description\" content=\"Trouvez votre vibe couleur! Le 25 mars \u00e0 18h30 heure de Paris sur zoom Une masterclass d&rsquo;Alo\u00efs Guinut, styliste personnelle avec un petit groupe interactif de 8 personnes. Dur\u00e9e 1h30 Les couleurs qui vous vont bien ne se limitent pas \u00e0 une palette saisonnale. Elles sont fonction de vos yeux, de votre teint, de vos [&hellip;]\" \/>\n<meta property=\"og:url\" content=\"https:\/\/dresslikeaparisian.com\/masterclass\/\" \/>\n<meta property=\"og:site_name\" content=\"Personal Shopper Paris - Dress like a Parisian\" \/>\n<meta property=\"article:publisher\" content=\"https:\/\/www.facebook.com\/dresslikeaparisian\/\" \/>\n<meta property=\"article:modified_time\" content=\"2021-03-11T22:44:14+00:00\" \/>\n<meta name=\"twitter:card\" content=\"summary_large_image\" \/>\n<meta name=\"twitter:label1\" content=\"Dur\u00e9e de lecture est.\">\n\t<meta name=\"twitter:data1\" content=\"1 minute\">\n<script type=\"application\/ld+json\" class=\"yoast-schema-graph\">{\"@context\":\"https:\/\/schema.org\",\"@graph\":[{\"@type\":\"WebSite\",\"@id\":\"https:\/\/dresslikeaparisian.com\/#website\",\"url\":\"https:\/\/dresslikeaparisian.com\/\",\"name\":\"Personal Shopper Paris - Dress like a Parisian\",\"description\":\"\",\"potentialAction\":[{\"@type\":\"SearchAction\",\"target\":\"https:\/\/dresslikeaparisian.com\/?s={search_term_string}\",\"query-input\":\"required name=search_term_string\"}],\"inLanguage\":\"fr-FR\"},{\"@type\":\"WebPage\",\"@id\":\"https:\/\/dresslikeaparisian.com\/masterclass\/#webpage\",\"url\":\"https:\/\/dresslikeaparisian.com\/masterclass\/\",\"name\":\"Masterclass - Personal Shopper Paris - Dress like a Parisian\",\"isPartOf\":{\"@id\":\"https:\/\/dresslikeaparisian.com\/#website\"},\"datePublished\":\"2021-03-11T17:39:10+00:00\",\"dateModified\":\"2021-03-11T22:44:14+00:00\",\"breadcrumb\":{\"@id\":\"https:\/\/dresslikeaparisian.com\/masterclass\/#breadcrumb\"},\"inLanguage\":\"fr-FR\",\"potentialAction\":[{\"@type\":\"ReadAction\",\"target\":[\"https:\/\/dresslikeaparisian.com\/masterclass\/\"]}]},{\"@type\":\"BreadcrumbList\",\"@id\":\"https:\/\/dresslikeaparisian.com\/masterclass\/#breadcrumb\",\"itemListElement\":[{\"@type\":\"ListItem\",\"position\":1,\"item\":{\"@type\":\"WebPage\",\"@id\":\"https:\/\/dresslikeaparisian.com\/\",\"url\":\"https:\/\/dresslikeaparisian.com\/\",\"name\":\"Home\"}},{\"@type\":\"ListItem\",\"position\":2,\"item\":{\"@type\":\"WebPage\",\"@id\":\"https:\/\/dresslikeaparisian.com\/masterclass\/\",\"url\":\"https:\/\/dresslikeaparisian.com\/masterclass\/\",\"name\":\"Masterclass\"}}]}]}<\/script>\n<!-- \/ Yoast SEO plugin. -->","_links":{"self":[{"href":"https:\/\/dresslikeaparisian.com\/fr\/wp-json\/wp\/v2\/pages\/6651"}],"collection":[{"href":"https:\/\/dresslikeaparisian.com\/fr\/wp-json\/wp\/v2\/pages"}],"about":[{"href":"https:\/\/dresslikeaparisian.com\/fr\/wp-json\/wp\/v2\/types\/page"}],"author":[{"embeddable":true,"href":"https:\/\/dresslikeaparisian.com\/fr\/wp-json\/wp\/v2\/users\/2"}],"replies":[{"embeddable":true,"href":"https:\/\/dresslikeaparisian.com\/fr\/wp-json\/wp\/v2\/comments?post=6651"}],"version-history":[{"count":14,"href":"https:\/\/dresslikeaparisian.com\/fr\/wp-json\/wp\/v2\/pages\/6651\/revisions"}],"predecessor-version":[{"id":6666,"href":"https:\/\/dresslikeaparisian.com\/fr\/wp-json\/wp\/v2\/pages\/6651\/revisions\/6666"}],"wp:attachment":[{"href":"https:\/\/dresslikeaparisian.com\/fr\/wp-json\/wp\/v2\/media?parent=6651"}],"curies":[{"name":"wp","href":"https:\/\/api.w.org\/{rel}","templated":true}]}}