{"id":4173,"date":"2017-01-06T10:04:33","date_gmt":"2017-01-06T09:04:33","guid":{"rendered":"http:\/\/dresslikeaparisian.com\/?page_id=4173"},"modified":"2019-08-07T17:04:47","modified_gmt":"2019-08-07T15:04:47","slug":"style-coaching-day","status":"publish","type":"page","link":"https:\/\/dresslikeaparisian.com\/fr\/journee-coaching-stylistique\/","title":{"rendered":"Journ\u00e9e coaching stylistique"},"content":{"rendered":"<p><em><strong>Votre style ne vous correspond plus? Vous avez envie d&rsquo;un grand vent de changement? <\/strong><\/em><\/p>\n<p><em><strong>Faites appel \u00e0 moi pour un coaching stylistique complet comprenant une consultation dressing suivie d&rsquo;une\u00a0s\u00e9ance de shopping personnalis\u00e9e.<\/strong><\/em><\/p>\n<p>Le matin, nous prenons un caf\u00e9 pour prendre le temps de conna\u00eetre votre personnalit\u00e9s, vos envies et vos attentes et ensuite nous nous attaquons \u00e0 un passage en revue de votre garde-robe.<\/p>\n<p>Cette \u00e9tape me permet de mieux cerner votre style et de d\u00e9terminer ce qui vous va bien en terme de morphologie et de look.<\/p>\n<p>Vous vous d\u00e9barrassez des pi\u00e8ces inutiles qui encombrent votre placard, et red\u00e9couvrez des tr\u00e9sors oubli\u00e9s.<\/p>\n<p>Avec ce que vous poss\u00e9dez d\u00e9j\u00e0, je vous cr\u00e9e de nouvelles tenues compl\u00e8tes que je prends en photo pour m\u00e9mo.<\/p>\n<p>Je vous explique quelles sont les erreurs d&rsquo;achat que vous faites et liste les pi\u00e8ces \u00e0 acheter (ce qui va nous servir pour l&rsquo;apr\u00e8s-midi).<\/p>\n<p>Apr\u00e8s une pause d\u00e9jeuner bien m\u00e9rit\u00e9e (les essayages \u00e7a creuse!), nous nous rendons dans des boutiques adapt\u00e9es \u00e0 votre style et \u00e0 vos budget pour vous cr\u00e9er des tenues qui vous correspondent.<\/p>\n<p>Je vous donne des conseils pour porter chacune des pi\u00e8ces achet\u00e9es afin qu&rsquo;elles deviennent des essentiels de votre garde-robe.<\/p>\n<p>Une semaine apr\u00e8s notre s\u00e9ance, je vous remets un petit livret r\u00e9capitulant mes conseils morphologie et style ainsi que les fa\u00e7ons de porter vos nouvelles acquisitions.<\/p>\n\n<!-- WP Button Creator plugin v1.6 - http:\/\/www.tipsandtricks-hq.com\/?p=4829 -->\n<style type=\"text\/css\">div.wpbtn_container_1{}a.wpbtn_1{text-decoration:none;font-family:Verdana;color:#000000;font-size:16px;font-style:normal;font-weight:normal;padding:10px 20px 10px 20px;background:linear-gradient(#ffffff 45%, #ededed);background:-moz-linear-gradient(#ffffff 45%, #ededed);background:-o-linear-gradient(#ffffff 45%, #ededed);background:-webkit-gradient(linear, left top, left bottom, color-stop(.45, #ffffff), color-stop(1, #ededed));border:solid 1px #999999;-moz-border-radius:4px 4px 4px 4px;-webkit-border-radius:4px 4px 4px 4px;border-radius:4px 4px 4px 4px;text-shadow:-1px -1px 0px #cccccc;box-shadow:0px 0px 2px #cccccc;margin: 2px;display: inline-block;}a.wpbtn_1:hover{color:#999999;background:linear-gradient(#ededed 45%, #b5b5b5);background:-moz-linear-gradient(#ededed 45%, #b5b5b5);background:-o-linear-gradient(#ededed 45%, #b5b5b5);background:-webkit-gradient(linear, left top, left bottom, color-stop(.45, #ededed), color-stop(1, #b5b5b5));text-shadow:-1px -1px 0px #cccccc;box-shadow:0px 0px 2px #cccccc;border:solid 1px #999999;}<\/style><a class=\"wpbtn_1\" href=\"http:\/\/dresslikeaparisian.com\/contact\/\" target=\"\">Book me<\/a>\n<p><strong>Tarif: 500\u20ac<\/strong><\/p>\n<p><em>Je me d\u00e9place en province et \u00e0 l&rsquo;\u00e9tranger sur devis, n&rsquo;h\u00e9sitez pas \u00e0 me demander!<\/em><\/p>\n<p><em>Il est possible de faire la consultation dressing et le shopping un jour diff\u00e9rent pour les parisiennes.\u00a0<\/em><\/p>","protected":false},"excerpt":{"rendered":"<p>Votre style ne vous correspond plus? Vous avez envie d&rsquo;un grand vent de changement? Faites appel \u00e0 moi pour un coaching stylistique complet comprenant une consultation dressing suivie d&rsquo;une\u00a0s\u00e9ance de shopping personnalis\u00e9e. Le matin, nous prenons un caf\u00e9 pour prendre le temps de conna\u00eetre votre personnalit\u00e9s, vos envies et vos attentes et ensuite nous nous [&hellip;]<\/p>\n","protected":false},"author":2,"featured_media":0,"parent":0,"menu_order":0,"comment_status":"closed","ping_status":"closed","template":"","meta":[],"yoast_head":"<!-- This site is optimized with the Yoast SEO plugin v15.9.1 - https:\/\/yoast.com\/wordpress\/plugins\/seo\/ -->\n<title>Journ\u00e9e coaching stylistique - Personal Shopper Paris - Dress like a Parisian<\/title>\n<link rel=\"canonical\" href=\"https:\/\/dresslikeaparisian.com\/fr\/journee-coaching-stylistique\/\" \/>\n<meta property=\"og:locale\" content=\"fr_FR\" \/>\n<meta property=\"og:type\" content=\"article\" \/>\n<meta property=\"og:title\" content=\"Journ\u00e9e coaching stylistique - Personal Shopper Paris - Dress like a Parisian\" \/>\n<meta property=\"og:description\" content=\"Votre style ne vous correspond plus? Vous avez envie d&rsquo;un grand vent de changement? Faites appel \u00e0 moi pour un coaching stylistique complet comprenant une consultation dressing suivie d&rsquo;une\u00a0s\u00e9ance de shopping personnalis\u00e9e. Le matin, nous prenons un caf\u00e9 pour prendre le temps de conna\u00eetre votre personnalit\u00e9s, vos envies et vos attentes et ensuite nous nous [&hellip;]\" \/>\n<meta property=\"og:url\" content=\"https:\/\/dresslikeaparisian.com\/fr\/journee-coaching-stylistique\/\" \/>\n<meta property=\"og:site_name\" content=\"Personal Shopper Paris - Dress like a Parisian\" \/>\n<meta property=\"article:publisher\" content=\"https:\/\/www.facebook.com\/dresslikeaparisian\/\" \/>\n<meta property=\"article:modified_time\" content=\"2019-08-07T15:04:47+00:00\" \/>\n<meta name=\"twitter:card\" content=\"summary_large_image\" \/>\n<meta name=\"twitter:label1\" content=\"Dur\u00e9e de lecture est.\">\n\t<meta name=\"twitter:data1\" content=\"2 minutes\">\n<script type=\"application\/ld+json\" class=\"yoast-schema-graph\">{\"@context\":\"https:\/\/schema.org\",\"@graph\":[{\"@type\":\"WebSite\",\"@id\":\"https:\/\/dresslikeaparisian.com\/#website\",\"url\":\"https:\/\/dresslikeaparisian.com\/\",\"name\":\"Personal Shopper Paris - Dress like a Parisian\",\"description\":\"\",\"potentialAction\":[{\"@type\":\"SearchAction\",\"target\":\"https:\/\/dresslikeaparisian.com\/?s={search_term_string}\",\"query-input\":\"required name=search_term_string\"}],\"inLanguage\":\"fr-FR\"},{\"@type\":\"WebPage\",\"@id\":\"https:\/\/dresslikeaparisian.com\/fr\/journee-coaching-stylistique\/#webpage\",\"url\":\"https:\/\/dresslikeaparisian.com\/fr\/journee-coaching-stylistique\/\",\"name\":\"Journ\\u00e9e coaching stylistique - Personal Shopper Paris - Dress like a Parisian\",\"isPartOf\":{\"@id\":\"https:\/\/dresslikeaparisian.com\/#website\"},\"datePublished\":\"2017-01-06T09:04:33+00:00\",\"dateModified\":\"2019-08-07T15:04:47+00:00\",\"breadcrumb\":{\"@id\":\"https:\/\/dresslikeaparisian.com\/fr\/journee-coaching-stylistique\/#breadcrumb\"},\"inLanguage\":\"fr-FR\",\"potentialAction\":[{\"@type\":\"ReadAction\",\"target\":[\"https:\/\/dresslikeaparisian.com\/fr\/journee-coaching-stylistique\/\"]}]},{\"@type\":\"BreadcrumbList\",\"@id\":\"https:\/\/dresslikeaparisian.com\/fr\/journee-coaching-stylistique\/#breadcrumb\",\"itemListElement\":[{\"@type\":\"ListItem\",\"position\":1,\"item\":{\"@type\":\"WebPage\",\"@id\":\"https:\/\/dresslikeaparisian.com\/\",\"url\":\"https:\/\/dresslikeaparisian.com\/\",\"name\":\"Home\"}},{\"@type\":\"ListItem\",\"position\":2,\"item\":{\"@type\":\"WebPage\",\"@id\":\"https:\/\/dresslikeaparisian.com\/fr\/journee-coaching-stylistique\/\",\"url\":\"https:\/\/dresslikeaparisian.com\/fr\/journee-coaching-stylistique\/\",\"name\":\"Journ\\u00e9e coaching stylistique\"}}]}]}<\/script>\n<!-- \/ Yoast SEO plugin. -->","_links":{"self":[{"href":"https:\/\/dresslikeaparisian.com\/fr\/wp-json\/wp\/v2\/pages\/4173"}],"collection":[{"href":"https:\/\/dresslikeaparisian.com\/fr\/wp-json\/wp\/v2\/pages"}],"about":[{"href":"https:\/\/dresslikeaparisian.com\/fr\/wp-json\/wp\/v2\/types\/page"}],"author":[{"embeddable":true,"href":"https:\/\/dresslikeaparisian.com\/fr\/wp-json\/wp\/v2\/users\/2"}],"replies":[{"embeddable":true,"href":"https:\/\/dresslikeaparisian.com\/fr\/wp-json\/wp\/v2\/comments?post=4173"}],"version-history":[{"count":7,"href":"https:\/\/dresslikeaparisian.com\/fr\/wp-json\/wp\/v2\/pages\/4173\/revisions"}],"predecessor-version":[{"id":5690,"href":"https:\/\/dresslikeaparisian.com\/fr\/wp-json\/wp\/v2\/pages\/4173\/revisions\/5690"}],"wp:attachment":[{"href":"https:\/\/dresslikeaparisian.com\/fr\/wp-json\/wp\/v2\/media?parent=4173"}],"curies":[{"name":"wp","href":"https:\/\/api.w.org\/{rel}","templated":true}]}}