{"id":3914,"date":"2016-11-18T09:08:55","date_gmt":"2016-11-18T08:08:55","guid":{"rendered":"http:\/\/dresslikeaparisian.com\/?page_id=3914"},"modified":"2022-03-14T12:44:34","modified_gmt":"2022-03-14T11:44:34","slug":"distance-styling","status":"publish","type":"page","link":"https:\/\/dresslikeaparisian.com\/fr\/stylisme-a-distance\/","title":{"rendered":"Stylisme \u00e0 distance"},"content":{"rendered":"<p><strong>Conseils style \u00e0 distance<\/strong><\/p>\n<p>Vous avez besoin d&rsquo;un shoot d&rsquo;inspiration? Ma session stylisme \u00e0 distance est faite pour vous.<\/p>\n<p>D&rsquo;abord, nous nous rencontrons par visio pour discuter de votre probl\u00e9matique style (attentes, envies, besoins)&#8230;. et que je vous voie!<\/p>\n<p>Ensuite je vous pr\u00e9pare un PDF illustr\u00e9 tr\u00e8s complet comprenant:<\/p>\n<ul>\n<li>mes conseils morphologie<\/li>\n<li>mes conseils couleur<\/li>\n<li>mes conseils style<\/li>\n<li>mes conseils coiffure et maquillage simples et cibl\u00e9s<\/li>\n<li>Une liste de boutiques on et off-line personnalis\u00e9e pour r\u00e9pondre \u00e0 votre style et vos besoins<\/li>\n<\/ul>\n<p><strong>Tarif: 200\u20ac<\/strong><\/p>\n<p><strong>Stylisme \u00e0 distance<\/strong><\/p>\n<p>Cr\u00e9ation de 10 tenues adpat\u00e9es \u00e0 votre personnalit\u00e9 et votre mode de vie.<\/p>\n<p>Elles sont pr\u00e9sent\u00e9es sous forme d&rsquo;un PDF illustr\u00e9 comprenant des liens cliquables vers des articles \u00e0 acheter en ligne.<\/p>\n<p><strong>Tarif: 150\u20ac <\/strong><\/p>\n<p><strong>(100\u20ac si vous avez d\u00e9j\u00e0 r\u00e9alis\u00e9 le conseil style \u00e0 distance)<\/strong><\/p>\n<p>\n<!-- WP Button Creator plugin v1.6 - http:\/\/www.tipsandtricks-hq.com\/?p=4829 -->\n<style type=\"text\/css\">div.wpbtn_container_1{}a.wpbtn_1{text-decoration:none;font-family:Verdana;color:#000000;font-size:16px;font-style:normal;font-weight:normal;padding:10px 20px 10px 20px;background:linear-gradient(#ffffff 45%, #ededed);background:-moz-linear-gradient(#ffffff 45%, #ededed);background:-o-linear-gradient(#ffffff 45%, #ededed);background:-webkit-gradient(linear, left top, left bottom, color-stop(.45, #ffffff), color-stop(1, #ededed));border:solid 1px #999999;-moz-border-radius:4px 4px 4px 4px;-webkit-border-radius:4px 4px 4px 4px;border-radius:4px 4px 4px 4px;text-shadow:-1px -1px 0px #cccccc;box-shadow:0px 0px 2px #cccccc;margin: 2px;display: inline-block;}a.wpbtn_1:hover{color:#999999;background:linear-gradient(#ededed 45%, #b5b5b5);background:-moz-linear-gradient(#ededed 45%, #b5b5b5);background:-o-linear-gradient(#ededed 45%, #b5b5b5);background:-webkit-gradient(linear, left top, left bottom, color-stop(.45, #ededed), color-stop(1, #b5b5b5));text-shadow:-1px -1px 0px #cccccc;box-shadow:0px 0px 2px #cccccc;border:solid 1px #999999;}<\/style><a class=\"wpbtn_1\" href=\"http:\/\/dresslikeaparisian.com\/contact\/\" target=\"\">Book me<\/a><\/p>","protected":false},"excerpt":{"rendered":"<p>Conseils style \u00e0 distance Vous avez besoin d&rsquo;un shoot d&rsquo;inspiration? Ma session stylisme \u00e0 distance est faite pour vous. D&rsquo;abord, nous nous rencontrons par visio pour discuter de votre probl\u00e9matique style (attentes, envies, besoins)&#8230;. et que je vous voie! Ensuite je vous pr\u00e9pare un PDF illustr\u00e9 tr\u00e8s complet comprenant: mes conseils morphologie mes conseils couleur [&hellip;]<\/p>\n","protected":false},"author":2,"featured_media":0,"parent":0,"menu_order":0,"comment_status":"closed","ping_status":"closed","template":"","meta":[],"yoast_head":"<!-- This site is optimized with the Yoast SEO plugin v15.9.1 - https:\/\/yoast.com\/wordpress\/plugins\/seo\/ -->\n<title>Stylisme \u00e0 distance - Personal Shopper Paris - Dress like a Parisian<\/title>\n<link rel=\"canonical\" href=\"https:\/\/dresslikeaparisian.com\/distance-styling\/\" \/>\n<meta property=\"og:locale\" content=\"fr_FR\" \/>\n<meta property=\"og:type\" content=\"article\" \/>\n<meta property=\"og:title\" content=\"Stylisme \u00e0 distance - Personal Shopper Paris - Dress like a Parisian\" \/>\n<meta property=\"og:description\" content=\"Conseils style \u00e0 distance Vous avez besoin d&rsquo;un shoot d&rsquo;inspiration? Ma session stylisme \u00e0 distance est faite pour vous. D&rsquo;abord, nous nous rencontrons par visio pour discuter de votre probl\u00e9matique style (attentes, envies, besoins)&#8230;. et que je vous voie! Ensuite je vous pr\u00e9pare un PDF illustr\u00e9 tr\u00e8s complet comprenant: mes conseils morphologie mes conseils couleur [&hellip;]\" \/>\n<meta property=\"og:url\" content=\"https:\/\/dresslikeaparisian.com\/distance-styling\/\" \/>\n<meta property=\"og:site_name\" content=\"Personal Shopper Paris - Dress like a Parisian\" \/>\n<meta property=\"article:publisher\" content=\"https:\/\/www.facebook.com\/dresslikeaparisian\/\" \/>\n<meta property=\"article:modified_time\" content=\"2022-03-14T11:44:34+00:00\" \/>\n<meta name=\"twitter:card\" content=\"summary_large_image\" \/>\n<meta name=\"twitter:label1\" content=\"Dur\u00e9e de lecture est.\">\n\t<meta name=\"twitter:data1\" content=\"1 minute\">\n<script type=\"application\/ld+json\" class=\"yoast-schema-graph\">{\"@context\":\"https:\/\/schema.org\",\"@graph\":[{\"@type\":\"WebSite\",\"@id\":\"https:\/\/dresslikeaparisian.com\/#website\",\"url\":\"https:\/\/dresslikeaparisian.com\/\",\"name\":\"Personal Shopper Paris - Dress like a Parisian\",\"description\":\"\",\"potentialAction\":[{\"@type\":\"SearchAction\",\"target\":\"https:\/\/dresslikeaparisian.com\/?s={search_term_string}\",\"query-input\":\"required name=search_term_string\"}],\"inLanguage\":\"fr-FR\"},{\"@type\":\"WebPage\",\"@id\":\"https:\/\/dresslikeaparisian.com\/distance-styling\/#webpage\",\"url\":\"https:\/\/dresslikeaparisian.com\/distance-styling\/\",\"name\":\"Stylisme \\u00e0 distance - Personal Shopper Paris - Dress like a Parisian\",\"isPartOf\":{\"@id\":\"https:\/\/dresslikeaparisian.com\/#website\"},\"datePublished\":\"2016-11-18T08:08:55+00:00\",\"dateModified\":\"2022-03-14T11:44:34+00:00\",\"breadcrumb\":{\"@id\":\"https:\/\/dresslikeaparisian.com\/distance-styling\/#breadcrumb\"},\"inLanguage\":\"fr-FR\",\"potentialAction\":[{\"@type\":\"ReadAction\",\"target\":[\"https:\/\/dresslikeaparisian.com\/distance-styling\/\"]}]},{\"@type\":\"BreadcrumbList\",\"@id\":\"https:\/\/dresslikeaparisian.com\/distance-styling\/#breadcrumb\",\"itemListElement\":[{\"@type\":\"ListItem\",\"position\":1,\"item\":{\"@type\":\"WebPage\",\"@id\":\"https:\/\/dresslikeaparisian.com\/\",\"url\":\"https:\/\/dresslikeaparisian.com\/\",\"name\":\"Home\"}},{\"@type\":\"ListItem\",\"position\":2,\"item\":{\"@type\":\"WebPage\",\"@id\":\"https:\/\/dresslikeaparisian.com\/distance-styling\/\",\"url\":\"https:\/\/dresslikeaparisian.com\/distance-styling\/\",\"name\":\"Distance styling\"}}]}]}<\/script>\n<!-- \/ Yoast SEO plugin. -->","_links":{"self":[{"href":"https:\/\/dresslikeaparisian.com\/fr\/wp-json\/wp\/v2\/pages\/3914"}],"collection":[{"href":"https:\/\/dresslikeaparisian.com\/fr\/wp-json\/wp\/v2\/pages"}],"about":[{"href":"https:\/\/dresslikeaparisian.com\/fr\/wp-json\/wp\/v2\/types\/page"}],"author":[{"embeddable":true,"href":"https:\/\/dresslikeaparisian.com\/fr\/wp-json\/wp\/v2\/users\/2"}],"replies":[{"embeddable":true,"href":"https:\/\/dresslikeaparisian.com\/fr\/wp-json\/wp\/v2\/comments?post=3914"}],"version-history":[{"count":13,"href":"https:\/\/dresslikeaparisian.com\/fr\/wp-json\/wp\/v2\/pages\/3914\/revisions"}],"predecessor-version":[{"id":6676,"href":"https:\/\/dresslikeaparisian.com\/fr\/wp-json\/wp\/v2\/pages\/3914\/revisions\/6676"}],"wp:attachment":[{"href":"https:\/\/dresslikeaparisian.com\/fr\/wp-json\/wp\/v2\/media?parent=3914"}],"curies":[{"name":"wp","href":"https:\/\/api.w.org\/{rel}","templated":true}]}}