{"id":3909,"date":"2016-11-17T19:10:38","date_gmt":"2016-11-17T18:10:38","guid":{"rendered":"http:\/\/dresslikeaparisian.com\/?page_id=3909"},"modified":"2024-12-11T15:28:21","modified_gmt":"2024-12-11T14:28:21","slug":"your-personal-shopper-and-stylist-in-paris","status":"publish","type":"page","link":"https:\/\/dresslikeaparisian.com\/fr\/personal-shopping-paris\/","title":{"rendered":"Personal shopping"},"content":{"rendered":"<p><strong><em>Envie de sortir de vos habitudes vestimentaires?\u00a0Perdue dans la jungle des boutiques? Vous ne savez plus ce qui vous va?<\/em><\/strong><\/p>\n<p><strong><em>Faites appel \u00e0 moi pour une s\u00e9ance de shopping accompagn\u00e9!<\/em><\/strong><\/p>\n<p>Avant votre s\u00e9ance, je vous envoie un questionnaire pour d\u00e9terminer\u00a0vos attentes (envies, besoins, personnalit\u00e9, budget&#8230;) afin de pr\u00e9parer au mieux notre session.<\/p>\n<p>Le jour J, en tant que styliste personnelle, je vous guide \u00e0 travers les boutiques pour construire des looks qui vous correspondent. Vous ferez l&rsquo;acquisition de pi\u00e8ces qui deviendront des essentiels de votre dressing.<\/p>\n<p>Tout au long de la journ\u00e9e, je vous donne des conseils morphologie et style pour vous aider \u00e0 discerner les pi\u00e8ces qui vous mettent le plus en valeur et ne plus faire d&rsquo;erreurs d&rsquo;achat.<\/p>\n<p>Une semaine plus tard, je vous remet un document\u00a0PDF personnalis\u00e9 r\u00e9capitulant\u00a0mes conseils morphologie et style et des id\u00e9es pour porter les pi\u00e8ces achet\u00e9es lors du shopping.<\/p>\n<p><strong>Tarifs:<\/strong><\/p>\n<p><strong>3h de shopping: 270\u20ac<\/strong><\/p>\n<p>Clientes fid\u00e8les: 80\u20ac\/ heure<\/p>\n\n<!-- WP Button Creator plugin v1.6 - http:\/\/www.tipsandtricks-hq.com\/?p=4829 -->\n<style type=\"text\/css\">div.wpbtn_container_1{}a.wpbtn_1{text-decoration:none;font-family:Verdana;color:#000000;font-size:16px;font-style:normal;font-weight:normal;padding:10px 20px 10px 20px;background:linear-gradient(#ffffff 45%, #ededed);background:-moz-linear-gradient(#ffffff 45%, #ededed);background:-o-linear-gradient(#ffffff 45%, #ededed);background:-webkit-gradient(linear, left top, left bottom, color-stop(.45, #ffffff), color-stop(1, #ededed));border:solid 1px #999999;-moz-border-radius:4px 4px 4px 4px;-webkit-border-radius:4px 4px 4px 4px;border-radius:4px 4px 4px 4px;text-shadow:-1px -1px 0px #cccccc;box-shadow:0px 0px 2px #cccccc;margin: 2px;display: inline-block;}a.wpbtn_1:hover{color:#999999;background:linear-gradient(#ededed 45%, #b5b5b5);background:-moz-linear-gradient(#ededed 45%, #b5b5b5);background:-o-linear-gradient(#ededed 45%, #b5b5b5);background:-webkit-gradient(linear, left top, left bottom, color-stop(.45, #ededed), color-stop(1, #b5b5b5));text-shadow:-1px -1px 0px #cccccc;box-shadow:0px 0px 2px #cccccc;border:solid 1px #999999;}<\/style><a class=\"wpbtn_1\" href=\"http:\/\/dresslikeaparisian.com\/contact\/\" target=\"\">Book me<\/a>\n<p><img loading=\"lazy\" class=\"alignnone wp-image-5819\" src=\"https:\/\/dresslikeaparisian.com\/wp-content\/uploads\/2020\/02\/Styliste-personnelle-Paris-1024x768.jpeg\" alt=\"Styliste personelle paris\" width=\"400\" height=\"300\" srcset=\"https:\/\/dresslikeaparisian.com\/wp-content\/uploads\/2020\/02\/Styliste-personnelle-Paris-1024x768.jpeg 1024w, https:\/\/dresslikeaparisian.com\/wp-content\/uploads\/2020\/02\/Styliste-personnelle-Paris-300x225.jpeg 300w, https:\/\/dresslikeaparisian.com\/wp-content\/uploads\/2020\/02\/Styliste-personnelle-Paris-768x576.jpeg 768w, https:\/\/dresslikeaparisian.com\/wp-content\/uploads\/2020\/02\/Styliste-personnelle-Paris-450x338.jpeg 450w, https:\/\/dresslikeaparisian.com\/wp-content\/uploads\/2020\/02\/Styliste-personnelle-Paris-640x480.jpeg 640w\" sizes=\"(max-width: 400px) 100vw, 400px\" \/><\/p>\n<p>&nbsp;<\/p>","protected":false},"excerpt":{"rendered":"<p>Envie de sortir de vos habitudes vestimentaires?\u00a0Perdue dans la jungle des boutiques? Vous ne savez plus ce qui vous va? Faites appel \u00e0 moi pour une s\u00e9ance de shopping accompagn\u00e9! Avant votre s\u00e9ance, je vous envoie un questionnaire pour d\u00e9terminer\u00a0vos attentes (envies, besoins, personnalit\u00e9, budget&#8230;) afin de pr\u00e9parer au mieux notre session. Le jour J, [&hellip;]<\/p>\n","protected":false},"author":2,"featured_media":0,"parent":0,"menu_order":0,"comment_status":"closed","ping_status":"closed","template":"","meta":[],"yoast_head":"<!-- This site is optimized with the Yoast SEO plugin v15.9.1 - https:\/\/yoast.com\/wordpress\/plugins\/seo\/ -->\n<title>Personal shopping in Paris - Personal Shopper Paris - Dress like a Parisian<\/title>\n<meta name=\"description\" content=\"Personal shopping and style advice in the best boutiques of Paris by &quot;Dress like a parisian&quot; author. A confirmed personal stylist. Style advices and off-the-beaten path shops.\" \/>\n<link rel=\"canonical\" href=\"https:\/\/dresslikeaparisian.com\/personal-shopping-paris\/\" \/>\n<meta property=\"og:locale\" content=\"fr_FR\" \/>\n<meta property=\"og:type\" content=\"article\" \/>\n<meta property=\"og:title\" content=\"[:fr]Personal shopping in Paris - Personal Shopper Paris - Dress like a Parisian [:]\" \/>\n<meta property=\"og:description\" content=\"{:fr}Personal shopping and style advice in the best boutiques of Paris by &quot;Dress like a parisian&quot; author. A confirmed personal stylist. Style advices and off-the-beaten path shops.{:}\" \/>\n<meta property=\"og:url\" content=\"https:\/\/dresslikeaparisian.com\/personal-shopping-paris\/\" \/>\n<meta property=\"og:site_name\" content=\"Personal Shopper Paris - Dress like a Parisian\" \/>\n<meta property=\"article:publisher\" content=\"https:\/\/www.facebook.com\/dresslikeaparisian\/\" \/>\n<meta property=\"article:modified_time\" content=\"2024-12-11T14:28:21+00:00\" \/>\n<meta property=\"og:image\" content=\"https:\/\/dresslikeaparisian.com\/wp-content\/uploads\/2020\/02\/Styliste-personnelle-Paris-1024x768.jpeg\" \/>\n<meta name=\"twitter:card\" content=\"summary_large_image\" \/>\n<meta name=\"twitter:label1\" content=\"Dur\u00e9e de lecture est.\">\n\t<meta name=\"twitter:data1\" content=\"1 minute\">\n<script type=\"application\/ld+json\" class=\"yoast-schema-graph\">{\"@context\":\"https:\/\/schema.org\",\"@graph\":[{\"@type\":\"WebSite\",\"@id\":\"https:\/\/dresslikeaparisian.com\/#website\",\"url\":\"https:\/\/dresslikeaparisian.com\/\",\"name\":\"Personal Shopper Paris - Dress like a Parisian\",\"description\":\"\",\"potentialAction\":[{\"@type\":\"SearchAction\",\"target\":\"https:\/\/dresslikeaparisian.com\/?s={search_term_string}\",\"query-input\":\"required name=search_term_string\"}],\"inLanguage\":\"fr-FR\"},{\"@type\":\"ImageObject\",\"@id\":\"https:\/\/dresslikeaparisian.com\/personal-shopping-paris\/#primaryimage\",\"inLanguage\":\"fr-FR\",\"url\":\"https:\/\/dresslikeaparisian.com\/wp-content\/uploads\/2020\/02\/Styliste-personnelle-Paris.jpeg\",\"width\":4032,\"height\":3024,\"caption\":\"Styliste personelle paris\"},{\"@type\":\"WebPage\",\"@id\":\"https:\/\/dresslikeaparisian.com\/personal-shopping-paris\/#webpage\",\"url\":\"https:\/\/dresslikeaparisian.com\/personal-shopping-paris\/\",\"name\":\"[:fr]Personal shopping in Paris - Personal Shopper Paris - Dress like a Parisian [:]\",\"isPartOf\":{\"@id\":\"https:\/\/dresslikeaparisian.com\/#website\"},\"primaryImageOfPage\":{\"@id\":\"https:\/\/dresslikeaparisian.com\/personal-shopping-paris\/#primaryimage\"},\"datePublished\":\"2016-11-17T18:10:38+00:00\",\"dateModified\":\"2024-12-11T14:28:21+00:00\",\"description\":\"{:fr}Personal shopping and style advice in the best boutiques of Paris by \\\"Dress like a parisian\\\" author. A confirmed personal stylist. Style advices and off-the-beaten path shops.{:}\",\"breadcrumb\":{\"@id\":\"https:\/\/dresslikeaparisian.com\/personal-shopping-paris\/#breadcrumb\"},\"inLanguage\":\"fr-FR\",\"potentialAction\":[{\"@type\":\"ReadAction\",\"target\":[\"https:\/\/dresslikeaparisian.com\/personal-shopping-paris\/\"]}]},{\"@type\":\"BreadcrumbList\",\"@id\":\"https:\/\/dresslikeaparisian.com\/personal-shopping-paris\/#breadcrumb\",\"itemListElement\":[{\"@type\":\"ListItem\",\"position\":1,\"item\":{\"@type\":\"WebPage\",\"@id\":\"https:\/\/dresslikeaparisian.com\/\",\"url\":\"https:\/\/dresslikeaparisian.com\/\",\"name\":\"Home\"}},{\"@type\":\"ListItem\",\"position\":2,\"item\":{\"@type\":\"WebPage\",\"@id\":\"https:\/\/dresslikeaparisian.com\/personal-shopping-paris\/\",\"url\":\"https:\/\/dresslikeaparisian.com\/personal-shopping-paris\/\",\"name\":\"Personal shopping\"}}]}]}<\/script>\n<!-- \/ Yoast SEO plugin. -->","_links":{"self":[{"href":"https:\/\/dresslikeaparisian.com\/fr\/wp-json\/wp\/v2\/pages\/3909"}],"collection":[{"href":"https:\/\/dresslikeaparisian.com\/fr\/wp-json\/wp\/v2\/pages"}],"about":[{"href":"https:\/\/dresslikeaparisian.com\/fr\/wp-json\/wp\/v2\/types\/page"}],"author":[{"embeddable":true,"href":"https:\/\/dresslikeaparisian.com\/fr\/wp-json\/wp\/v2\/users\/2"}],"replies":[{"embeddable":true,"href":"https:\/\/dresslikeaparisian.com\/fr\/wp-json\/wp\/v2\/comments?post=3909"}],"version-history":[{"count":18,"href":"https:\/\/dresslikeaparisian.com\/fr\/wp-json\/wp\/v2\/pages\/3909\/revisions"}],"predecessor-version":[{"id":6692,"href":"https:\/\/dresslikeaparisian.com\/fr\/wp-json\/wp\/v2\/pages\/3909\/revisions\/6692"}],"wp:attachment":[{"href":"https:\/\/dresslikeaparisian.com\/fr\/wp-json\/wp\/v2\/media?parent=3909"}],"curies":[{"name":"wp","href":"https:\/\/api.w.org\/{rel}","templated":true}]}}