{"id":3907,"date":"2016-11-17T19:09:09","date_gmt":"2016-11-17T18:09:09","guid":{"rendered":"http:\/\/dresslikeaparisian.com\/?page_id=3907"},"modified":"2021-03-04T15:52:25","modified_gmt":"2021-03-04T14:52:25","slug":"closet-editing","status":"publish","type":"page","link":"https:\/\/dresslikeaparisian.com\/fr\/tri-de-dressing\/","title":{"rendered":"Consultation dressing"},"content":{"rendered":"<p><strong><em>Trois heures de consultation \u00e0 l\u2019issue desquelles vous repartirez avec :<\/em><\/strong><\/p>\n<ul>\n<li><strong><em>plein de nouvelles tenues pour le prix d\u2019une belle robe<\/em><\/strong><\/li>\n<li><strong><em>un dressing organis\u00e9 d\u00e9barrass\u00e9 du superflu<\/em><\/strong><\/li>\n<li><strong><em>des cl\u00e9s pour r\u00e9ussir vos achats futurs (morphologie, couleurs, mati\u00e8res, besoins&#8230;)<\/em><\/strong><\/li>\n<\/ul>\n<p>Presque tous les placards cachent des tr\u00e9sors de style inexplor\u00e9s.<\/p>\n<h2>1\/ Tri du placard<\/h2>\n<p>Dans un premier temps, je vous aide \u00e0 comprendre votre morphologie en identifiant les pi\u00e8ces qui vous vont bien et celles qui ne vous vont pas. Vous pouvez enfin vous s\u00e9parer de ces derni\u00e8res pour y voir plus clair.<\/p>\n<h2>2\/ Composition de tenues \u00e0 partir de l&rsquo;existant<\/h2>\n<p>A partir du contenu de votre garde-robe, je compose des tenues auxquelles vous n\u2019auriez peut-\u00eatre pas pens\u00e9 et les prends en photo pour m\u00e9mo.<\/p>\n<h2>3\/ Conseils rangement de garde-robe<\/h2>\n<p>Comment retrouver vos v\u00eatements en un clin d&rsquo;oeil pour mieux vous habiller<\/p>\n<h2>3\/ Bilan PDF<\/h2>\n<p>Enfin, je vous aide \u00e0 identifier vos erreurs d\u2019achat, j&rsquo;\u00e9tablis une liste des pi\u00e8ces dont vous avez besoin et vous donne les cl\u00e9s pour acheter mieux \u00e0 l\u2019avenir (conseils morphologiques, coloriels et pratiques).<\/p>\n<p><strong>Prix: 250 euros<\/strong><\/p>\n<p><em>La consultation dressing donne acc\u00e8s \u00e0 une session de <a href=\"https:\/\/dresslikeaparisian.com\/fr\/personal-shopping\/\">personal shopping<\/a> de 4h au prix de 250\u20ac au lieu de 325\u20ac. Soit l&rsquo;offre journ\u00e9e style compl\u00e8te au prix de 500 euros.<\/em><\/p>\n<p>Je me d\u00e9place \u00e0 votre domicile sans surco\u00fbt jusqu&rsquo;en zone 5 de l&rsquo;IDF. Pour les d\u00e9placements en province et \u00e0 l&rsquo;\u00e9tranger le train est \u00e0 vos frais.<\/p>\n<p>\n<!-- WP Button Creator plugin v1.6 - http:\/\/www.tipsandtricks-hq.com\/?p=4829 -->\n<style type=\"text\/css\">div.wpbtn_container_1{}a.wpbtn_1{text-decoration:none;font-family:Verdana;color:#000000;font-size:16px;font-style:normal;font-weight:normal;padding:10px 20px 10px 20px;background:linear-gradient(#ffffff 45%, #ededed);background:-moz-linear-gradient(#ffffff 45%, #ededed);background:-o-linear-gradient(#ffffff 45%, #ededed);background:-webkit-gradient(linear, left top, left bottom, color-stop(.45, #ffffff), color-stop(1, #ededed));border:solid 1px #999999;-moz-border-radius:4px 4px 4px 4px;-webkit-border-radius:4px 4px 4px 4px;border-radius:4px 4px 4px 4px;text-shadow:-1px -1px 0px #cccccc;box-shadow:0px 0px 2px #cccccc;margin: 2px;display: inline-block;}a.wpbtn_1:hover{color:#999999;background:linear-gradient(#ededed 45%, #b5b5b5);background:-moz-linear-gradient(#ededed 45%, #b5b5b5);background:-o-linear-gradient(#ededed 45%, #b5b5b5);background:-webkit-gradient(linear, left top, left bottom, color-stop(.45, #ededed), color-stop(1, #b5b5b5));text-shadow:-1px -1px 0px #cccccc;box-shadow:0px 0px 2px #cccccc;border:solid 1px #999999;}<\/style><a class=\"wpbtn_1\" href=\"http:\/\/dresslikeaparisian.com\/contact\/\" target=\"\">Book me<\/a><\/p>","protected":false},"excerpt":{"rendered":"<p>Trois heures de consultation \u00e0 l\u2019issue desquelles vous repartirez avec : plein de nouvelles tenues pour le prix d\u2019une belle robe un dressing organis\u00e9 d\u00e9barrass\u00e9 du superflu des cl\u00e9s pour r\u00e9ussir vos achats futurs (morphologie, couleurs, mati\u00e8res, besoins&#8230;) Presque tous les placards cachent des tr\u00e9sors de style inexplor\u00e9s. 1\/ Tri du placard Dans un premier [&hellip;]<\/p>\n","protected":false},"author":2,"featured_media":0,"parent":0,"menu_order":0,"comment_status":"closed","ping_status":"closed","template":"","meta":[],"yoast_head":"<!-- This site is optimized with the Yoast SEO plugin v15.9.1 - https:\/\/yoast.com\/wordpress\/plugins\/seo\/ -->\n<title>Consultation dressing - Personal Shopper Paris - Dress like a Parisian<\/title>\n<link rel=\"canonical\" href=\"https:\/\/dresslikeaparisian.com\/fr\/tri-de-dressing\/\" \/>\n<meta property=\"og:locale\" content=\"fr_FR\" \/>\n<meta property=\"og:type\" content=\"article\" \/>\n<meta property=\"og:title\" content=\"Consultation dressing - Personal Shopper Paris - Dress like a Parisian\" \/>\n<meta property=\"og:description\" content=\"Trois heures de consultation \u00e0 l\u2019issue desquelles vous repartirez avec : plein de nouvelles tenues pour le prix d\u2019une belle robe un dressing organis\u00e9 d\u00e9barrass\u00e9 du superflu des cl\u00e9s pour r\u00e9ussir vos achats futurs (morphologie, couleurs, mati\u00e8res, besoins&#8230;) Presque tous les placards cachent des tr\u00e9sors de style inexplor\u00e9s. 1\/ Tri du placard Dans un premier [&hellip;]\" \/>\n<meta property=\"og:url\" content=\"https:\/\/dresslikeaparisian.com\/fr\/tri-de-dressing\/\" \/>\n<meta property=\"og:site_name\" content=\"Personal Shopper Paris - Dress like a Parisian\" \/>\n<meta property=\"article:publisher\" content=\"https:\/\/www.facebook.com\/dresslikeaparisian\/\" \/>\n<meta property=\"article:modified_time\" content=\"2021-03-04T14:52:25+00:00\" \/>\n<meta name=\"twitter:card\" content=\"summary_large_image\" \/>\n<meta name=\"twitter:label1\" content=\"Dur\u00e9e de lecture est.\">\n\t<meta name=\"twitter:data1\" content=\"2 minutes\">\n<script type=\"application\/ld+json\" class=\"yoast-schema-graph\">{\"@context\":\"https:\/\/schema.org\",\"@graph\":[{\"@type\":\"WebSite\",\"@id\":\"https:\/\/dresslikeaparisian.com\/#website\",\"url\":\"https:\/\/dresslikeaparisian.com\/\",\"name\":\"Personal Shopper Paris - Dress like a Parisian\",\"description\":\"\",\"potentialAction\":[{\"@type\":\"SearchAction\",\"target\":\"https:\/\/dresslikeaparisian.com\/?s={search_term_string}\",\"query-input\":\"required name=search_term_string\"}],\"inLanguage\":\"fr-FR\"},{\"@type\":\"WebPage\",\"@id\":\"https:\/\/dresslikeaparisian.com\/fr\/tri-de-dressing\/#webpage\",\"url\":\"https:\/\/dresslikeaparisian.com\/fr\/tri-de-dressing\/\",\"name\":\"Consultation dressing - Personal Shopper Paris - Dress like a Parisian\",\"isPartOf\":{\"@id\":\"https:\/\/dresslikeaparisian.com\/#website\"},\"datePublished\":\"2016-11-17T18:09:09+00:00\",\"dateModified\":\"2021-03-04T14:52:25+00:00\",\"breadcrumb\":{\"@id\":\"https:\/\/dresslikeaparisian.com\/fr\/tri-de-dressing\/#breadcrumb\"},\"inLanguage\":\"fr-FR\",\"potentialAction\":[{\"@type\":\"ReadAction\",\"target\":[\"https:\/\/dresslikeaparisian.com\/fr\/tri-de-dressing\/\"]}]},{\"@type\":\"BreadcrumbList\",\"@id\":\"https:\/\/dresslikeaparisian.com\/fr\/tri-de-dressing\/#breadcrumb\",\"itemListElement\":[{\"@type\":\"ListItem\",\"position\":1,\"item\":{\"@type\":\"WebPage\",\"@id\":\"https:\/\/dresslikeaparisian.com\/\",\"url\":\"https:\/\/dresslikeaparisian.com\/\",\"name\":\"Home\"}},{\"@type\":\"ListItem\",\"position\":2,\"item\":{\"@type\":\"WebPage\",\"@id\":\"https:\/\/dresslikeaparisian.com\/fr\/tri-de-dressing\/\",\"url\":\"https:\/\/dresslikeaparisian.com\/fr\/tri-de-dressing\/\",\"name\":\"Closet editing\"}}]}]}<\/script>\n<!-- \/ Yoast SEO plugin. -->","_links":{"self":[{"href":"https:\/\/dresslikeaparisian.com\/fr\/wp-json\/wp\/v2\/pages\/3907"}],"collection":[{"href":"https:\/\/dresslikeaparisian.com\/fr\/wp-json\/wp\/v2\/pages"}],"about":[{"href":"https:\/\/dresslikeaparisian.com\/fr\/wp-json\/wp\/v2\/types\/page"}],"author":[{"embeddable":true,"href":"https:\/\/dresslikeaparisian.com\/fr\/wp-json\/wp\/v2\/users\/2"}],"replies":[{"embeddable":true,"href":"https:\/\/dresslikeaparisian.com\/fr\/wp-json\/wp\/v2\/comments?post=3907"}],"version-history":[{"count":17,"href":"https:\/\/dresslikeaparisian.com\/fr\/wp-json\/wp\/v2\/pages\/3907\/revisions"}],"predecessor-version":[{"id":6530,"href":"https:\/\/dresslikeaparisian.com\/fr\/wp-json\/wp\/v2\/pages\/3907\/revisions\/6530"}],"wp:attachment":[{"href":"https:\/\/dresslikeaparisian.com\/fr\/wp-json\/wp\/v2\/media?parent=3907"}],"curies":[{"name":"wp","href":"https:\/\/api.w.org\/{rel}","templated":true}]}}