{"id":3900,"date":"2016-11-17T11:51:03","date_gmt":"2016-11-17T10:51:03","guid":{"rendered":"http:\/\/dresslikeaparisian.com\/?page_id=3900"},"modified":"2026-01-28T11:18:42","modified_gmt":"2026-01-28T10:18:42","slug":"hire-me","status":"publish","type":"page","link":"https:\/\/dresslikeaparisian.com\/fr\/personal-shopper-paris\/","title":{"rendered":"Stylisme et personal shopping"},"content":{"rendered":"<p>\u00a0\u00bbJe n&rsquo;ai plus rien \u00e0 me mettre\u00a0\u00bb, \u00ab\u00a0je ne trouve rien dans les boutiques\u00a0\u00bb, \u00ab\u00a0je n&rsquo;ai jamais port\u00e9 cette robe achet\u00e9e il y a un an\u00a0\u00bb, \u00ab\u00a0avec mes rondeurs, je ne peux pas \u00eatre s\u00e9duisante\u00a0\u00bb&#8230; Combien de fois avez-vous prononc\u00e9 ces phrases?<\/p>\n<p>Pourtant je suis certaine que les boutiques et m\u00eame votre garde-robe\u00a0rec\u00e8lent de looks originaux et uniques qui magnifieraient votre style et auxquels vous n&rsquo;avez peut-\u00eatre pas pens\u00e9.<\/p>\n<p>Je vous propose d&rsquo;\u00eatre votre styliste et shopper personnelle, le temps d&rsquo;une journ\u00e9e &#8211; ou plus si affinit\u00e9s &#8211; lors de laquelle je vous donnerai les cl\u00e9s pour \u00eatre styl\u00e9e au quotidien et d\u00e9nicher des pi\u00e8ces qui feront de vous une femme remarqu\u00e9e pour son allure.<\/p>\n<p>Pourquoi faire appel \u00e0 moi? Parce qu&rsquo;un \u0153il ext\u00e9rieur vous apportera un point de vue frais et objectif sur votre look et parce que le style c&rsquo;est un peu comme la cuisine. Si l&rsquo;on pr\u00e9sente un m\u00eame choix d&rsquo;ingr\u00e9dients \u00e0 plusieurs cuisiniers, chacun va en extraire un plat diff\u00e9rent qu&rsquo;il adaptera au public et \u00e0 l&rsquo;occasion de la d\u00e9gustation. Une capacit\u00e9 cr\u00e9ative li\u00e9e \u00e0 son talent et \u00e0 son expertise.<\/p>\n<p>De la m\u00eame mani\u00e8re, le style est un m\u00e9tier qui demande talent et expertise. J&rsquo;analyse votre morphologie, vos gouts, vos attentes, votre environnement de travail et de vie, j&rsquo;\u00e9coute vos requ\u00eates et besoins sp\u00e9cifiques et nous partons ensemble vous concocter des looks en accord avec votre personnalit\u00e9 \u00e0 partir de ce que vous poss\u00e9dez d\u00e9j\u00e0 et\/ou de ce que nous s\u00e9lectionnerons dans les boutiques parisiennes. A la mani\u00e8re d&rsquo;un livre de recettes, je vous transmets des pistes et techniques pour magnifier votre style. Quelle que soit votre votre silhouette ou votre \u00e2ge, je d\u00e9finirai les axes pour mettre vos atouts en valeur.<\/p>\n<p>D&rsquo;ailleurs les stars si admir\u00e9es pour leur \u00e9l\u00e9gance s&rsquo;en remettent la plupart du temps \u00e0 des professionnels pour cr\u00e9er leur allure. Rares sont celles qui n&rsquo;ont pas de styliste personnel!<\/p>\n<p>Mon objectif n&rsquo;est pas de vous transformer mais de vous r\u00e9v\u00e9ler.\u00a0 Parce que chaque femme est unique. Comme dirait Coco, la mode se d\u00e9mode, mais le style jamais. C&rsquo;est d&rsquo;ailleurs ce d\u00e9tachement par rapport aux tendances \u00e9ph\u00e9m\u00e8res qui fait la renomm\u00e9e des fran\u00e7aises dans le monde entier.<\/p>\n<p>Faites moi confiance pour une journ\u00e9e et vous repartirez avec de nouvelles inspirations pour \u00eatre styl\u00e9e au quotidien.<\/p>\n<h2>1. Optimisation<strong> dressing &#8211; tri de placard<\/strong><\/h2>\n<p><strong><em>Trois heures de consultation \u00e0 l&rsquo;issue desquelles vous repartirez avec plein de nouvelles tenues pour le prix d&rsquo;une belle robe et un dressing d\u00e9barrass\u00e9 du superflu<\/em><\/strong><\/p>\n<p>Presque tous les placards cachent des tr\u00e9sors de style inexplor\u00e9s.<\/p>\n<p>Dans un premier temps, je vous aide \u00e0 comprendre votre morphologie en identifiant les pi\u00e8ces qui vous vont bien et celles qui ne vous vont pas. Vous pouvez enfin vous s\u00e9parer de ces derni\u00e8res pour y voir plus clair.<\/p>\n<p>A partir des belles pi\u00e8ces, je compose des tenues auxquelles vous n&rsquo;auriez peut-\u00eatre pas pens\u00e9 et les prends en photo pour m\u00e9mo.<\/p>\n<p>Je vous aide \u00e0 identifier vos erreurs d&rsquo;achat, \u00e9tablis une liste des pi\u00e8ces dont vous avez besoin vous donne les cl\u00e9s pour acheter mieux \u00e0 l&rsquo;avenir,<\/p>\n<p><strong>Tarif: <\/strong><\/p>\n<p><strong>3h: 270\u20ac\u00a0<\/strong><\/p>\n<p><strong>85 \u20ac heure additionnelle\u00a0<\/strong><\/p>\n\n<!-- WP Button Creator plugin v1.6 - http:\/\/www.tipsandtricks-hq.com\/?p=4829 -->\n<style type=\"text\/css\">div.wpbtn_container_1{}a.wpbtn_1{text-decoration:none;font-family:Verdana;color:#000000;font-size:16px;font-style:normal;font-weight:normal;padding:10px 20px 10px 20px;background:linear-gradient(#ffffff 45%, #ededed);background:-moz-linear-gradient(#ffffff 45%, #ededed);background:-o-linear-gradient(#ffffff 45%, #ededed);background:-webkit-gradient(linear, left top, left bottom, color-stop(.45, #ffffff), color-stop(1, #ededed));border:solid 1px #999999;-moz-border-radius:4px 4px 4px 4px;-webkit-border-radius:4px 4px 4px 4px;border-radius:4px 4px 4px 4px;text-shadow:-1px -1px 0px #cccccc;box-shadow:0px 0px 2px #cccccc;margin: 2px;display: inline-block;}a.wpbtn_1:hover{color:#999999;background:linear-gradient(#ededed 45%, #b5b5b5);background:-moz-linear-gradient(#ededed 45%, #b5b5b5);background:-o-linear-gradient(#ededed 45%, #b5b5b5);background:-webkit-gradient(linear, left top, left bottom, color-stop(.45, #ededed), color-stop(1, #b5b5b5));text-shadow:-1px -1px 0px #cccccc;box-shadow:0px 0px 2px #cccccc;border:solid 1px #999999;}<\/style><a class=\"wpbtn_1\" href=\"http:\/\/dresslikeaparisian.com\/contact\/\" target=\"\">Book me<\/a>\n<h2>2.\u00a0<strong>Personal shopping<\/strong><\/h2>\n<p>Nous d\u00e9terminons en amont vos envies, vos attentes, vos aspirations et, si il y a lieu le contexte dans lequel vous souhaitez faire \u00e9voluer votre style ou l&rsquo;occasion pour laquelle vous avez besoin d&rsquo;une tenue (mariage, conf\u00e9rence, etc).<\/p>\n<p>Ensuite, je vous guide \u00e0 travers les boutiques pour trouver des pi\u00e8ces et construire des looks qui vous correspondent.\u00a0 Tout au long de la journ\u00e9e, je vous donne des conseils morphologie et style pour vous aider \u00e0 discerner \u00e0 l&rsquo;avenir les pi\u00e8ces qui vous mettent le plus en valeur et ainsi \u00e0 ne plus faire d&rsquo;erreurs d&rsquo;achats.<\/p>\n<p>Une semaine apr\u00e8s, je vous communique un document personnalis\u00e9\u00a0r\u00e9capitulant mes conseils morphologie et style ainsi que des id\u00e9es pour porter vos nouvelles acquisition.<\/p>\n<p>Si cette prestation fait suite \u00e0 la consultation dressing, vous b\u00e9n\u00e9ficiez d&rsquo;une r\u00e9duction.<\/p>\n<p><strong>Tarifs:<\/strong><\/p>\n<p><strong>3h: 270 \u20ac<\/strong><\/p>\n\n<!-- WP Button Creator plugin v1.6 - http:\/\/www.tipsandtricks-hq.com\/?p=4829 -->\n<style type=\"text\/css\">div.wpbtn_container_1{}a.wpbtn_1{text-decoration:none;font-family:Verdana;color:#000000;font-size:16px;font-style:normal;font-weight:normal;padding:10px 20px 10px 20px;background:linear-gradient(#ffffff 45%, #ededed);background:-moz-linear-gradient(#ffffff 45%, #ededed);background:-o-linear-gradient(#ffffff 45%, #ededed);background:-webkit-gradient(linear, left top, left bottom, color-stop(.45, #ffffff), color-stop(1, #ededed));border:solid 1px #999999;-moz-border-radius:4px 4px 4px 4px;-webkit-border-radius:4px 4px 4px 4px;border-radius:4px 4px 4px 4px;text-shadow:-1px -1px 0px #cccccc;box-shadow:0px 0px 2px #cccccc;margin: 2px;display: inline-block;}a.wpbtn_1:hover{color:#999999;background:linear-gradient(#ededed 45%, #b5b5b5);background:-moz-linear-gradient(#ededed 45%, #b5b5b5);background:-o-linear-gradient(#ededed 45%, #b5b5b5);background:-webkit-gradient(linear, left top, left bottom, color-stop(.45, #ededed), color-stop(1, #b5b5b5));text-shadow:-1px -1px 0px #cccccc;box-shadow:0px 0px 2px #cccccc;border:solid 1px #999999;}<\/style><a class=\"wpbtn_1\" href=\"http:\/\/dresslikeaparisian.com\/contact\/\" target=\"\">Book me<\/a>\n<h2><strong>3. Conseil en image &#8211; stylisme personnel<\/strong><\/h2>\n<p><strong><em>Une consultation dressing suivie d&rsquo;une\u00a0s\u00e9ance\u00a0de personal shopping pour faire souffler un vent de renouveau sur votre style!<\/em><\/strong><\/p>\n<p>La journ\u00e9e de coaching stylistique r\u00e9unit mes deux prestations phares pour celles qui ont vraiment envie de changement!<\/p>\n<p>Je pourrais l&rsquo;appeler \u00ab\u00a0relooking\u00a0\u00bb mais je n&rsquo;aime pas ce terme qui sugg\u00e8re que l&rsquo;on va faire de vous une autre alors que je pr\u00e9f\u00e8re magnifier ce qui est d\u00e9j\u00e0 en vous!<\/p>\n<p>Dans un premier temps nous prenons un th\u00e9 pour d\u00e9terminer vos envies et vos attentes avant de partir analyser le contenu de votre penderie.<\/p>\n<p>J&rsquo;identifie ce qui vous va bien en termes de style et de morphologie et nous nous d\u00e9barrassons des pi\u00e8ces superflues qui encombrent votre dressing.<\/p>\n<p>Souvent je d\u00e9niche des tr\u00e9sors oubli\u00e9s. A partir des belles pi\u00e8ces nous composons de nouveaux looks que nous prenons en photos pour m\u00e9mos.<\/p>\n<p>J&rsquo;\u00e9tablis une liste des pi\u00e8ces \u00e0 acheter qui va nous \u00eatre utile pour la suite du programme.<\/p>\n<p>Apr\u00e8s une pause bien m\u00e9rit\u00e9e (les essayages \u00e7a creuse), nous partons faire les boutiques que je s\u00e9lectionne en fonction de votre style et de votre budget.<\/p>\n<p>Pendant le personal shopping, je vous fais essayer des pi\u00e8ces qui vous correspondent et vous confectionne des looks.<\/p>\n<p>Une semaine apr\u00e8s, je vous remets un e-book contenant mes conseils morphologie et style ainsi que des id\u00e9es pour porter vos nouveaux habits.<\/p>\n<p><strong>Tarif: 680\u20ac<\/strong><\/p>\n<p><em>Comprenant journ\u00e9e compl\u00e8te 7h (630 euros) <\/em><em>+ e-book (pour 50 euros au lieu de 250 euros hors formule)<\/em><\/p>\n<p><em>Je me d\u00e9place en province et \u00e0 l&rsquo;\u00e9tranger sur devis.\u00a0<\/em><\/p>\n<p><em>Il est possible de r\u00e9aliser la consultation dressing et le shopping un jour diff\u00e9rent.<\/em><\/p>\n\n<!-- WP Button Creator plugin v1.6 - http:\/\/www.tipsandtricks-hq.com\/?p=4829 -->\n<style type=\"text\/css\">div.wpbtn_container_1{}a.wpbtn_1{text-decoration:none;font-family:Verdana;color:#000000;font-size:16px;font-style:normal;font-weight:normal;padding:10px 20px 10px 20px;background:linear-gradient(#ffffff 45%, #ededed);background:-moz-linear-gradient(#ffffff 45%, #ededed);background:-o-linear-gradient(#ffffff 45%, #ededed);background:-webkit-gradient(linear, left top, left bottom, color-stop(.45, #ffffff), color-stop(1, #ededed));border:solid 1px #999999;-moz-border-radius:4px 4px 4px 4px;-webkit-border-radius:4px 4px 4px 4px;border-radius:4px 4px 4px 4px;text-shadow:-1px -1px 0px #cccccc;box-shadow:0px 0px 2px #cccccc;margin: 2px;display: inline-block;}a.wpbtn_1:hover{color:#999999;background:linear-gradient(#ededed 45%, #b5b5b5);background:-moz-linear-gradient(#ededed 45%, #b5b5b5);background:-o-linear-gradient(#ededed 45%, #b5b5b5);background:-webkit-gradient(linear, left top, left bottom, color-stop(.45, #ededed), color-stop(1, #b5b5b5));text-shadow:-1px -1px 0px #cccccc;box-shadow:0px 0px 2px #cccccc;border:solid 1px #999999;}<\/style><a class=\"wpbtn_1\" href=\"http:\/\/dresslikeaparisian.com\/contact\/\" target=\"\">Book me<\/a>\n<h2><strong>4. Stylisme en ligne<\/strong><\/h2>\n<p>Vous manquez\u00a0d&rsquo;inspiration pour vous cr\u00e9er des tenues?<\/p>\n<p>Contactez moi et je vous composerai 10 tenues \u00e0 partir d&rsquo;habits de votre garde-robe et d&rsquo;achats \u00e0 effectuer sur le net.<\/p>\n<p>Consultation skype + remise d&rsquo;un document PDF contenant les 10 tenues et mes conseils style personnalis\u00e9s<\/p>\n<p><strong>Tarif: 250\u20ac<\/strong><\/p>\n\n<!-- WP Button Creator plugin v1.6 - http:\/\/www.tipsandtricks-hq.com\/?p=4829 -->\n<style type=\"text\/css\">div.wpbtn_container_1{}a.wpbtn_1{text-decoration:none;font-family:Verdana;color:#000000;font-size:16px;font-style:normal;font-weight:normal;padding:10px 20px 10px 20px;background:linear-gradient(#ffffff 45%, #ededed);background:-moz-linear-gradient(#ffffff 45%, #ededed);background:-o-linear-gradient(#ffffff 45%, #ededed);background:-webkit-gradient(linear, left top, left bottom, color-stop(.45, #ffffff), color-stop(1, #ededed));border:solid 1px #999999;-moz-border-radius:4px 4px 4px 4px;-webkit-border-radius:4px 4px 4px 4px;border-radius:4px 4px 4px 4px;text-shadow:-1px -1px 0px #cccccc;box-shadow:0px 0px 2px #cccccc;margin: 2px;display: inline-block;}a.wpbtn_1:hover{color:#999999;background:linear-gradient(#ededed 45%, #b5b5b5);background:-moz-linear-gradient(#ededed 45%, #b5b5b5);background:-o-linear-gradient(#ededed 45%, #b5b5b5);background:-webkit-gradient(linear, left top, left bottom, color-stop(.45, #ededed), color-stop(1, #b5b5b5));text-shadow:-1px -1px 0px #cccccc;box-shadow:0px 0px 2px #cccccc;border:solid 1px #999999;}<\/style><a class=\"wpbtn_1\" href=\"http:\/\/dresslikeaparisian.com\/contact\/\" target=\"\">Book me<\/a>\n<h2><strong>5. E-book style<\/strong><\/h2>\n<p>Un e-book illustr\u00e9 complet et personnalis\u00e9 d&rsquo;une soixantaine de page (m\u00eame plus) au format PDF avec mes recommandations couleurs, forme et style pour vous.<\/p>\n<p>Afin de cr\u00e9er un style qui vous ressemble nous nous rencontrons en ligne ou en r\u00e9el pour \u00e9tablir vos besoins, vos envies mais aussi que je d\u00e9couvre vos couleurs naturelles et votre morphologie afin de vous faire des recommandations qui vous ressemblent et vous feront rayonner.<\/p>\n<p><a href=\"https:\/\/dresslikeaparisian.com\/wp-content\/uploads\/2026\/01\/Anonyme-e-bookfr.pdf\">Voici un exemple!<\/a><\/p>\n<p><strong>Tarif: 290\u20ac<\/strong><\/p>\n\n<!-- WP Button Creator plugin v1.6 - http:\/\/www.tipsandtricks-hq.com\/?p=4829 -->\n<style type=\"text\/css\">div.wpbtn_container_1{}a.wpbtn_1{text-decoration:none;font-family:Verdana;color:#000000;font-size:16px;font-style:normal;font-weight:normal;padding:10px 20px 10px 20px;background:linear-gradient(#ffffff 45%, #ededed);background:-moz-linear-gradient(#ffffff 45%, #ededed);background:-o-linear-gradient(#ffffff 45%, #ededed);background:-webkit-gradient(linear, left top, left bottom, color-stop(.45, #ffffff), color-stop(1, #ededed));border:solid 1px #999999;-moz-border-radius:4px 4px 4px 4px;-webkit-border-radius:4px 4px 4px 4px;border-radius:4px 4px 4px 4px;text-shadow:-1px -1px 0px #cccccc;box-shadow:0px 0px 2px #cccccc;margin: 2px;display: inline-block;}a.wpbtn_1:hover{color:#999999;background:linear-gradient(#ededed 45%, #b5b5b5);background:-moz-linear-gradient(#ededed 45%, #b5b5b5);background:-o-linear-gradient(#ededed 45%, #b5b5b5);background:-webkit-gradient(linear, left top, left bottom, color-stop(.45, #ededed), color-stop(1, #b5b5b5));text-shadow:-1px -1px 0px #cccccc;box-shadow:0px 0px 2px #cccccc;border:solid 1px #999999;}<\/style><a class=\"wpbtn_1\" href=\"http:\/\/dresslikeaparisian.com\/contact\/\" target=\"\">Book me<\/a>\n<h2><strong>6. Journ\u00e9e style entre copines<\/strong><\/h2>\n<p>Conseils morpho\/style personnalis\u00e9s et essayages collectifs pour d\u00e9finir ensemble le style de chacune. Bonne humeur et fun en perspective!<\/p>\n<p><strong>Tarif: 600\u20ac <\/strong><\/p>\n<p>\n<!-- WP Button Creator plugin v1.6 - http:\/\/www.tipsandtricks-hq.com\/?p=4829 -->\n<style type=\"text\/css\">div.wpbtn_container_1{}a.wpbtn_1{text-decoration:none;font-family:Verdana;color:#000000;font-size:16px;font-style:normal;font-weight:normal;padding:10px 20px 10px 20px;background:linear-gradient(#ffffff 45%, #ededed);background:-moz-linear-gradient(#ffffff 45%, #ededed);background:-o-linear-gradient(#ffffff 45%, #ededed);background:-webkit-gradient(linear, left top, left bottom, color-stop(.45, #ffffff), color-stop(1, #ededed));border:solid 1px #999999;-moz-border-radius:4px 4px 4px 4px;-webkit-border-radius:4px 4px 4px 4px;border-radius:4px 4px 4px 4px;text-shadow:-1px -1px 0px #cccccc;box-shadow:0px 0px 2px #cccccc;margin: 2px;display: inline-block;}a.wpbtn_1:hover{color:#999999;background:linear-gradient(#ededed 45%, #b5b5b5);background:-moz-linear-gradient(#ededed 45%, #b5b5b5);background:-o-linear-gradient(#ededed 45%, #b5b5b5);background:-webkit-gradient(linear, left top, left bottom, color-stop(.45, #ededed), color-stop(1, #b5b5b5));text-shadow:-1px -1px 0px #cccccc;box-shadow:0px 0px 2px #cccccc;border:solid 1px #999999;}<\/style><a class=\"wpbtn_1\" href=\"http:\/\/dresslikeaparisian.com\/contact\/\" target=\"\">Book me<\/a><\/p>","protected":false},"excerpt":{"rendered":"<p>\u00a0\u00bbJe n&rsquo;ai plus rien \u00e0 me mettre\u00a0\u00bb, \u00ab\u00a0je ne trouve rien dans les boutiques\u00a0\u00bb, \u00ab\u00a0je n&rsquo;ai jamais port\u00e9 cette robe achet\u00e9e il y a un an\u00a0\u00bb, \u00ab\u00a0avec mes rondeurs, je ne peux pas \u00eatre s\u00e9duisante\u00a0\u00bb&#8230; Combien de fois avez-vous prononc\u00e9 ces phrases? Pourtant je suis certaine que les boutiques et m\u00eame votre garde-robe\u00a0rec\u00e8lent de looks [&hellip;]<\/p>\n","protected":false},"author":2,"featured_media":0,"parent":0,"menu_order":0,"comment_status":"closed","ping_status":"closed","template":"","meta":[],"yoast_head":"<!-- This site is optimized with the Yoast SEO plugin v15.9.1 - https:\/\/yoast.com\/wordpress\/plugins\/seo\/ -->\n<title>Stylisme et personal shopping - Personal Shopper Paris - Dress like a Parisian<\/title>\n<link rel=\"canonical\" href=\"https:\/\/dresslikeaparisian.com\/personal-shopper-in-paris\/\" \/>\n<meta property=\"og:locale\" content=\"fr_FR\" \/>\n<meta property=\"og:type\" content=\"article\" \/>\n<meta property=\"og:title\" content=\"Stylisme et personal shopping - Personal Shopper Paris - Dress like a Parisian\" \/>\n<meta property=\"og:description\" content=\"\u00a0\u00bbJe n&rsquo;ai plus rien \u00e0 me mettre\u00a0\u00bb, \u00ab\u00a0je ne trouve rien dans les boutiques\u00a0\u00bb, \u00ab\u00a0je n&rsquo;ai jamais port\u00e9 cette robe achet\u00e9e il y a un an\u00a0\u00bb, \u00ab\u00a0avec mes rondeurs, je ne peux pas \u00eatre s\u00e9duisante\u00a0\u00bb&#8230; Combien de fois avez-vous prononc\u00e9 ces phrases? Pourtant je suis certaine que les boutiques et m\u00eame votre garde-robe\u00a0rec\u00e8lent de looks [&hellip;]\" \/>\n<meta property=\"og:url\" content=\"https:\/\/dresslikeaparisian.com\/personal-shopper-in-paris\/\" \/>\n<meta property=\"og:site_name\" content=\"Personal Shopper Paris - Dress like a Parisian\" \/>\n<meta property=\"article:publisher\" content=\"https:\/\/www.facebook.com\/dresslikeaparisian\/\" \/>\n<meta property=\"article:modified_time\" content=\"2026-01-28T10:18:42+00:00\" \/>\n<meta name=\"twitter:card\" content=\"summary_large_image\" \/>\n<meta name=\"twitter:label1\" content=\"Dur\u00e9e de lecture est.\">\n\t<meta name=\"twitter:data1\" content=\"5 minutes\">\n<script type=\"application\/ld+json\" class=\"yoast-schema-graph\">{\"@context\":\"https:\/\/schema.org\",\"@graph\":[{\"@type\":\"WebSite\",\"@id\":\"https:\/\/dresslikeaparisian.com\/#website\",\"url\":\"https:\/\/dresslikeaparisian.com\/\",\"name\":\"Personal Shopper Paris - Dress like a Parisian\",\"description\":\"\",\"potentialAction\":[{\"@type\":\"SearchAction\",\"target\":\"https:\/\/dresslikeaparisian.com\/?s={search_term_string}\",\"query-input\":\"required name=search_term_string\"}],\"inLanguage\":\"fr-FR\"},{\"@type\":\"WebPage\",\"@id\":\"https:\/\/dresslikeaparisian.com\/personal-shopper-in-paris\/#webpage\",\"url\":\"https:\/\/dresslikeaparisian.com\/personal-shopper-in-paris\/\",\"name\":\"Stylisme et personal shopping - Personal Shopper Paris - Dress like a Parisian\",\"isPartOf\":{\"@id\":\"https:\/\/dresslikeaparisian.com\/#website\"},\"datePublished\":\"2016-11-17T10:51:03+00:00\",\"dateModified\":\"2026-01-28T10:18:42+00:00\",\"breadcrumb\":{\"@id\":\"https:\/\/dresslikeaparisian.com\/personal-shopper-in-paris\/#breadcrumb\"},\"inLanguage\":\"fr-FR\",\"potentialAction\":[{\"@type\":\"ReadAction\",\"target\":[\"https:\/\/dresslikeaparisian.com\/personal-shopper-in-paris\/\"]}]},{\"@type\":\"BreadcrumbList\",\"@id\":\"https:\/\/dresslikeaparisian.com\/personal-shopper-in-paris\/#breadcrumb\",\"itemListElement\":[{\"@type\":\"ListItem\",\"position\":1,\"item\":{\"@type\":\"WebPage\",\"@id\":\"https:\/\/dresslikeaparisian.com\/\",\"url\":\"https:\/\/dresslikeaparisian.com\/\",\"name\":\"Home\"}},{\"@type\":\"ListItem\",\"position\":2,\"item\":{\"@type\":\"WebPage\",\"@id\":\"https:\/\/dresslikeaparisian.com\/personal-shopper-in-paris\/\",\"url\":\"https:\/\/dresslikeaparisian.com\/personal-shopper-in-paris\/\",\"name\":\"Personal shopping and styling\"}}]}]}<\/script>\n<!-- \/ Yoast SEO plugin. -->","_links":{"self":[{"href":"https:\/\/dresslikeaparisian.com\/fr\/wp-json\/wp\/v2\/pages\/3900"}],"collection":[{"href":"https:\/\/dresslikeaparisian.com\/fr\/wp-json\/wp\/v2\/pages"}],"about":[{"href":"https:\/\/dresslikeaparisian.com\/fr\/wp-json\/wp\/v2\/types\/page"}],"author":[{"embeddable":true,"href":"https:\/\/dresslikeaparisian.com\/fr\/wp-json\/wp\/v2\/users\/2"}],"replies":[{"embeddable":true,"href":"https:\/\/dresslikeaparisian.com\/fr\/wp-json\/wp\/v2\/comments?post=3900"}],"version-history":[{"count":37,"href":"https:\/\/dresslikeaparisian.com\/fr\/wp-json\/wp\/v2\/pages\/3900\/revisions"}],"predecessor-version":[{"id":6719,"href":"https:\/\/dresslikeaparisian.com\/fr\/wp-json\/wp\/v2\/pages\/3900\/revisions\/6719"}],"wp:attachment":[{"href":"https:\/\/dresslikeaparisian.com\/fr\/wp-json\/wp\/v2\/media?parent=3900"}],"curies":[{"name":"wp","href":"https:\/\/api.w.org\/{rel}","templated":true}]}}