{"id":1670,"date":"2014-12-11T19:51:58","date_gmt":"2014-12-11T18:51:58","guid":{"rendered":"http:\/\/dresslikeaparisian.com\/?page_id=1670"},"modified":"2018-04-03T15:15:07","modified_gmt":"2018-04-03T13:15:07","slug":"merci","status":"publish","type":"page","link":"https:\/\/dresslikeaparisian.com\/fr\/merci\/","title":{"rendered":"Merci"},"content":{"rendered":"<p><\/p>\n<h3>Si vous aimez mon blog et que vous \u00eates anglophone, vous pouvez faire l&rsquo;acquisition de mon beau livre Dress like a parisian qui donne des conseils pratiques pour l&rsquo;association des couleurs, des formes et plus encore!<\/h3>\n<p>M\u00eame les parisiennes le trouveront utile.<\/p>\n<p><a href=\"http:\/\/dresslikeaparisian.bigcartel.com\/product\/dress-like-a-parisian\">Achetez mon livre d\u00e9dicac\u00e9 ici<\/a><\/p>\n<p><img loading=\"lazy\" class=\"alignnone size-large wp-image-5100\" src=\"http:\/\/dresslikeaparisian.com\/wp-content\/uploads\/2014\/12\/Capture-d\u2019e\u0301cran-2018-04-01-a\u0300-15.23.56-1024x646.png\" alt=\"\" width=\"1024\" height=\"646\" srcset=\"https:\/\/dresslikeaparisian.com\/wp-content\/uploads\/2014\/12\/Capture-d\u2019e\u0301cran-2018-04-01-a\u0300-15.23.56-1024x646.png 1024w, https:\/\/dresslikeaparisian.com\/wp-content\/uploads\/2014\/12\/Capture-d\u2019e\u0301cran-2018-04-01-a\u0300-15.23.56-300x189.png 300w, https:\/\/dresslikeaparisian.com\/wp-content\/uploads\/2014\/12\/Capture-d\u2019e\u0301cran-2018-04-01-a\u0300-15.23.56-768x485.png 768w, https:\/\/dresslikeaparisian.com\/wp-content\/uploads\/2014\/12\/Capture-d\u2019e\u0301cran-2018-04-01-a\u0300-15.23.56-450x284.png 450w, https:\/\/dresslikeaparisian.com\/wp-content\/uploads\/2014\/12\/Capture-d\u2019e\u0301cran-2018-04-01-a\u0300-15.23.56.png 1138w\" sizes=\"(max-width: 1024px) 100vw, 1024px\" \/><\/p>\n<p><img loading=\"lazy\" class=\"alignnone size-full wp-image-5101\" src=\"http:\/\/dresslikeaparisian.com\/wp-content\/uploads\/2014\/12\/Capture-d\u2019e\u0301cran-2018-04-01-a\u0300-15.26.27.png\" alt=\"\" width=\"696\" height=\"992\" srcset=\"https:\/\/dresslikeaparisian.com\/wp-content\/uploads\/2014\/12\/Capture-d\u2019e\u0301cran-2018-04-01-a\u0300-15.26.27.png 696w, https:\/\/dresslikeaparisian.com\/wp-content\/uploads\/2014\/12\/Capture-d\u2019e\u0301cran-2018-04-01-a\u0300-15.26.27-210x300.png 210w, https:\/\/dresslikeaparisian.com\/wp-content\/uploads\/2014\/12\/Capture-d\u2019e\u0301cran-2018-04-01-a\u0300-15.26.27-316x450.png 316w, https:\/\/dresslikeaparisian.com\/wp-content\/uploads\/2014\/12\/Capture-d\u2019e\u0301cran-2018-04-01-a\u0300-15.26.27-300x428.png 300w\" sizes=\"(max-width: 696px) 100vw, 696px\" \/><\/p>\n<p><img loading=\"lazy\" class=\"alignnone size-full wp-image-5102\" src=\"http:\/\/dresslikeaparisian.com\/wp-content\/uploads\/2014\/12\/Capture-d\u2019e\u0301cran-2018-04-01-a\u0300-15.26.50.png\" alt=\"\" width=\"698\" height=\"994\" srcset=\"https:\/\/dresslikeaparisian.com\/wp-content\/uploads\/2014\/12\/Capture-d\u2019e\u0301cran-2018-04-01-a\u0300-15.26.50.png 698w, https:\/\/dresslikeaparisian.com\/wp-content\/uploads\/2014\/12\/Capture-d\u2019e\u0301cran-2018-04-01-a\u0300-15.26.50-211x300.png 211w, https:\/\/dresslikeaparisian.com\/wp-content\/uploads\/2014\/12\/Capture-d\u2019e\u0301cran-2018-04-01-a\u0300-15.26.50-316x450.png 316w, https:\/\/dresslikeaparisian.com\/wp-content\/uploads\/2014\/12\/Capture-d\u2019e\u0301cran-2018-04-01-a\u0300-15.26.50-300x427.png 300w\" sizes=\"(max-width: 698px) 100vw, 698px\" \/><\/p>\n<p><img loading=\"lazy\" class=\"alignnone size-full wp-image-5103\" src=\"http:\/\/dresslikeaparisian.com\/wp-content\/uploads\/2014\/12\/Capture-d\u2019e\u0301cran-2018-04-01-a\u0300-15.27.05.png\" alt=\"\" width=\"700\" height=\"988\" srcset=\"https:\/\/dresslikeaparisian.com\/wp-content\/uploads\/2014\/12\/Capture-d\u2019e\u0301cran-2018-04-01-a\u0300-15.27.05.png 700w, https:\/\/dresslikeaparisian.com\/wp-content\/uploads\/2014\/12\/Capture-d\u2019e\u0301cran-2018-04-01-a\u0300-15.27.05-213x300.png 213w, https:\/\/dresslikeaparisian.com\/wp-content\/uploads\/2014\/12\/Capture-d\u2019e\u0301cran-2018-04-01-a\u0300-15.27.05-319x450.png 319w, https:\/\/dresslikeaparisian.com\/wp-content\/uploads\/2014\/12\/Capture-d\u2019e\u0301cran-2018-04-01-a\u0300-15.27.05-300x423.png 300w\" sizes=\"(max-width: 700px) 100vw, 700px\" \/><img loading=\"lazy\" class=\"alignnone size-full wp-image-5104\" src=\"http:\/\/dresslikeaparisian.com\/wp-content\/uploads\/2014\/12\/Capture-d\u2019e\u0301cran-2018-04-01-a\u0300-15.27.49.png\" alt=\"\" width=\"694\" height=\"976\" srcset=\"https:\/\/dresslikeaparisian.com\/wp-content\/uploads\/2014\/12\/Capture-d\u2019e\u0301cran-2018-04-01-a\u0300-15.27.49.png 694w, https:\/\/dresslikeaparisian.com\/wp-content\/uploads\/2014\/12\/Capture-d\u2019e\u0301cran-2018-04-01-a\u0300-15.27.49-213x300.png 213w, https:\/\/dresslikeaparisian.com\/wp-content\/uploads\/2014\/12\/Capture-d\u2019e\u0301cran-2018-04-01-a\u0300-15.27.49-320x450.png 320w, https:\/\/dresslikeaparisian.com\/wp-content\/uploads\/2014\/12\/Capture-d\u2019e\u0301cran-2018-04-01-a\u0300-15.27.49-300x422.png 300w\" sizes=\"(max-width: 694px) 100vw, 694px\" \/>\u00a0<img loading=\"lazy\" class=\"alignnone size-large wp-image-5105\" src=\"http:\/\/dresslikeaparisian.com\/wp-content\/uploads\/2014\/12\/Capture-d\u2019e\u0301cran-2018-04-01-a\u0300-15.28.20.png\" alt=\"\" width=\"696\" height=\"980\" srcset=\"https:\/\/dresslikeaparisian.com\/wp-content\/uploads\/2014\/12\/Capture-d\u2019e\u0301cran-2018-04-01-a\u0300-15.28.20.png 696w, https:\/\/dresslikeaparisian.com\/wp-content\/uploads\/2014\/12\/Capture-d\u2019e\u0301cran-2018-04-01-a\u0300-15.28.20-213x300.png 213w, https:\/\/dresslikeaparisian.com\/wp-content\/uploads\/2014\/12\/Capture-d\u2019e\u0301cran-2018-04-01-a\u0300-15.28.20-320x450.png 320w, https:\/\/dresslikeaparisian.com\/wp-content\/uploads\/2014\/12\/Capture-d\u2019e\u0301cran-2018-04-01-a\u0300-15.28.20-300x422.png 300w\" sizes=\"(max-width: 696px) 100vw, 696px\" \/><\/p>","protected":false},"excerpt":{"rendered":"<p>Si vous aimez mon blog et que vous \u00eates anglophone, vous pouvez faire l&rsquo;acquisition de mon beau livre Dress like a parisian qui donne des conseils pratiques pour l&rsquo;association des couleurs, des formes et plus encore! M\u00eame les parisiennes le trouveront utile. Achetez mon livre d\u00e9dicac\u00e9 ici \u00a0<\/p>\n","protected":false},"author":2,"featured_media":0,"parent":0,"menu_order":0,"comment_status":"open","ping_status":"open","template":"","meta":[],"yoast_head":"<!-- This site is optimized with the Yoast SEO plugin v15.9.1 - https:\/\/yoast.com\/wordpress\/plugins\/seo\/ -->\n<title>Merci - Personal Shopper Paris - Dress like a Parisian<\/title>\n<link rel=\"canonical\" href=\"https:\/\/dresslikeaparisian.com\/merci\/\" \/>\n<meta property=\"og:locale\" content=\"fr_FR\" \/>\n<meta property=\"og:type\" content=\"article\" \/>\n<meta property=\"og:title\" content=\"Merci - Personal Shopper Paris - Dress like a Parisian\" \/>\n<meta property=\"og:description\" content=\"Si vous aimez mon blog et que vous \u00eates anglophone, vous pouvez faire l&rsquo;acquisition de mon beau livre Dress like a parisian qui donne des conseils pratiques pour l&rsquo;association des couleurs, des formes et plus encore! M\u00eame les parisiennes le trouveront utile. Achetez mon livre d\u00e9dicac\u00e9 ici \u00a0\" \/>\n<meta property=\"og:url\" content=\"https:\/\/dresslikeaparisian.com\/merci\/\" \/>\n<meta property=\"og:site_name\" content=\"Personal Shopper Paris - Dress like a Parisian\" \/>\n<meta property=\"article:publisher\" content=\"https:\/\/www.facebook.com\/dresslikeaparisian\/\" \/>\n<meta property=\"article:modified_time\" content=\"2018-04-03T13:15:07+00:00\" \/>\n<meta property=\"og:image\" content=\"http:\/\/dresslikeaparisian.com\/wp-content\/uploads\/2014\/12\/Capture-d\u2019e\u0301cran-2018-04-01-a\u0300-15.23.56-1024x646.png\" \/>\n<meta name=\"twitter:card\" content=\"summary_large_image\" \/>\n<meta name=\"twitter:label1\" content=\"Dur\u00e9e de lecture est.\">\n\t<meta name=\"twitter:data1\" content=\"1 minute\">\n<script type=\"application\/ld+json\" class=\"yoast-schema-graph\">{\"@context\":\"https:\/\/schema.org\",\"@graph\":[{\"@type\":\"WebSite\",\"@id\":\"https:\/\/dresslikeaparisian.com\/#website\",\"url\":\"https:\/\/dresslikeaparisian.com\/\",\"name\":\"Personal Shopper Paris - Dress like a Parisian\",\"description\":\"\",\"potentialAction\":[{\"@type\":\"SearchAction\",\"target\":\"https:\/\/dresslikeaparisian.com\/?s={search_term_string}\",\"query-input\":\"required name=search_term_string\"}],\"inLanguage\":\"fr-FR\"},{\"@type\":\"ImageObject\",\"@id\":\"https:\/\/dresslikeaparisian.com\/merci\/#primaryimage\",\"inLanguage\":\"fr-FR\",\"url\":\"http:\/\/dresslikeaparisian.com\/wp-content\/uploads\/2014\/12\/Capture-d\\u2019e\\u0301cran-2018-04-01-a\\u0300-15.23.56-1024x646.png\"},{\"@type\":\"WebPage\",\"@id\":\"https:\/\/dresslikeaparisian.com\/merci\/#webpage\",\"url\":\"https:\/\/dresslikeaparisian.com\/merci\/\",\"name\":\"Merci - Personal Shopper Paris - Dress like a Parisian\",\"isPartOf\":{\"@id\":\"https:\/\/dresslikeaparisian.com\/#website\"},\"primaryImageOfPage\":{\"@id\":\"https:\/\/dresslikeaparisian.com\/merci\/#primaryimage\"},\"datePublished\":\"2014-12-11T18:51:58+00:00\",\"dateModified\":\"2018-04-03T13:15:07+00:00\",\"breadcrumb\":{\"@id\":\"https:\/\/dresslikeaparisian.com\/merci\/#breadcrumb\"},\"inLanguage\":\"fr-FR\",\"potentialAction\":[{\"@type\":\"ReadAction\",\"target\":[\"https:\/\/dresslikeaparisian.com\/merci\/\"]}]},{\"@type\":\"BreadcrumbList\",\"@id\":\"https:\/\/dresslikeaparisian.com\/merci\/#breadcrumb\",\"itemListElement\":[{\"@type\":\"ListItem\",\"position\":1,\"item\":{\"@type\":\"WebPage\",\"@id\":\"https:\/\/dresslikeaparisian.com\/\",\"url\":\"https:\/\/dresslikeaparisian.com\/\",\"name\":\"Home\"}},{\"@type\":\"ListItem\",\"position\":2,\"item\":{\"@type\":\"WebPage\",\"@id\":\"https:\/\/dresslikeaparisian.com\/merci\/\",\"url\":\"https:\/\/dresslikeaparisian.com\/merci\/\",\"name\":\"Merci\"}}]}]}<\/script>\n<!-- \/ Yoast SEO plugin. -->","_links":{"self":[{"href":"https:\/\/dresslikeaparisian.com\/fr\/wp-json\/wp\/v2\/pages\/1670"}],"collection":[{"href":"https:\/\/dresslikeaparisian.com\/fr\/wp-json\/wp\/v2\/pages"}],"about":[{"href":"https:\/\/dresslikeaparisian.com\/fr\/wp-json\/wp\/v2\/types\/page"}],"author":[{"embeddable":true,"href":"https:\/\/dresslikeaparisian.com\/fr\/wp-json\/wp\/v2\/users\/2"}],"replies":[{"embeddable":true,"href":"https:\/\/dresslikeaparisian.com\/fr\/wp-json\/wp\/v2\/comments?post=1670"}],"version-history":[{"count":8,"href":"https:\/\/dresslikeaparisian.com\/fr\/wp-json\/wp\/v2\/pages\/1670\/revisions"}],"predecessor-version":[{"id":5108,"href":"https:\/\/dresslikeaparisian.com\/fr\/wp-json\/wp\/v2\/pages\/1670\/revisions\/5108"}],"wp:attachment":[{"href":"https:\/\/dresslikeaparisian.com\/fr\/wp-json\/wp\/v2\/media?parent=1670"}],"curies":[{"name":"wp","href":"https:\/\/api.w.org\/{rel}","templated":true}]}}