{"id":1462,"date":"2014-11-12T11:14:39","date_gmt":"2014-11-12T10:14:39","guid":{"rendered":"http:\/\/dresslikeaparisian.com\/?page_id=1462"},"modified":"2020-12-01T16:11:24","modified_gmt":"2020-12-01T15:11:24","slug":"fashion-tours","status":"publish","type":"page","link":"https:\/\/dresslikeaparisian.com\/fr\/visites-guidees\/","title":{"rendered":"Visite guid\u00e9e"},"content":{"rendered":"<p><strong>La mode hier et aujourd&rsquo;hui dans le Marais<\/strong><\/p>\n<p>Le Marais, quel nom curieux. Pas super glamour pour un quartier, qui au fil des ans est devenu l&rsquo;\u00e9picentre de la mode parisienne.<\/p>\n<p>De la splendeur des bals masqu\u00e9s de l&rsquo;aristocratie aux ateliers de confection de la mode parisienne, la mode a marqu\u00e9 son histoire dans la lumi\u00e8re comme dans l&rsquo;ombre.<\/p>\n<p>Avec la gentrification, les boutiques haut de gamme ont peu \u00e0 peu investi les anciennes manufactures, fa\u00e7onnant le visage du Marais modeux que nous connaissons aujourd&rsquo;hui.<\/p>\n<p>V\u00e9n\u00e9rables maisons ou temples de la hype, d\u00e9couvrez l&rsquo;histoire et l&rsquo;actualit\u00e9 des boutiques et des marques et, puisque tout est mode, laissez vous surprendre par le concept de p\u00e2tisserie couture ou plongez dans l&rsquo;histoire du parfum en France.<\/p>\n<p><strong>Prix:\u00a0<\/strong><\/p>\n<p>20 euros par personne pour les tours pr\u00e9vus.<\/p>\n<p>6 d\u00e9cembre 14h<\/p>\n<p>13 d\u00e9cembre 14h<\/p>\n<p>Sur demande pour autres dates<\/p>\n<p><strong><em>Dur\u00e9e 1h30<\/em><\/strong><\/p>\n\n<!-- WP Button Creator plugin v1.6 - http:\/\/www.tipsandtricks-hq.com\/?p=4829 -->\n<style type=\"text\/css\">div.wpbtn_container_1{}a.wpbtn_1{text-decoration:none;font-family:Verdana;color:#000000;font-size:16px;font-style:normal;font-weight:normal;padding:10px 20px 10px 20px;background:linear-gradient(#ffffff 45%, #ededed);background:-moz-linear-gradient(#ffffff 45%, #ededed);background:-o-linear-gradient(#ffffff 45%, #ededed);background:-webkit-gradient(linear, left top, left bottom, color-stop(.45, #ffffff), color-stop(1, #ededed));border:solid 1px #999999;-moz-border-radius:4px 4px 4px 4px;-webkit-border-radius:4px 4px 4px 4px;border-radius:4px 4px 4px 4px;text-shadow:-1px -1px 0px #cccccc;box-shadow:0px 0px 2px #cccccc;margin: 2px;display: inline-block;}a.wpbtn_1:hover{color:#999999;background:linear-gradient(#ededed 45%, #b5b5b5);background:-moz-linear-gradient(#ededed 45%, #b5b5b5);background:-o-linear-gradient(#ededed 45%, #b5b5b5);background:-webkit-gradient(linear, left top, left bottom, color-stop(.45, #ededed), color-stop(1, #b5b5b5));text-shadow:-1px -1px 0px #cccccc;box-shadow:0px 0px 2px #cccccc;border:solid 1px #999999;}<\/style><a class=\"wpbtn_1\" href=\"http:\/\/dresslikeaparisian.com\/contact\/\" target=\"\">Book me<\/a>\n<p><em>NB: il s&rsquo;agit d&rsquo;un tour en ext\u00e9rieur, pour un shopping tour, adressez vous \u00e0 moi <a href=\"https:\/\/dresslikeaparisian.com\/fr\/prestations\/\">ici<\/a>.<\/em><\/p>","protected":false},"excerpt":{"rendered":"<p>La mode hier et aujourd&rsquo;hui dans le Marais Le Marais, quel nom curieux. Pas super glamour pour un quartier, qui au fil des ans est devenu l&rsquo;\u00e9picentre de la mode parisienne. De la splendeur des bals masqu\u00e9s de l&rsquo;aristocratie aux ateliers de confection de la mode parisienne, la mode a marqu\u00e9 son histoire dans la [&hellip;]<\/p>\n","protected":false},"author":2,"featured_media":0,"parent":0,"menu_order":0,"comment_status":"closed","ping_status":"closed","template":"","meta":[],"yoast_head":"<!-- This site is optimized with the Yoast SEO plugin v15.9.1 - https:\/\/yoast.com\/wordpress\/plugins\/seo\/ -->\n<title>Visite guid\u00e9e - Personal Shopper Paris - Dress like a Parisian<\/title>\n<link rel=\"canonical\" href=\"https:\/\/dresslikeaparisian.com\/fr\/visites-guidees\/\" \/>\n<meta property=\"og:locale\" content=\"fr_FR\" \/>\n<meta property=\"og:type\" content=\"article\" \/>\n<meta property=\"og:title\" content=\"Visite guid\u00e9e - Personal Shopper Paris - Dress like a Parisian\" \/>\n<meta property=\"og:description\" content=\"La mode hier et aujourd&rsquo;hui dans le Marais Le Marais, quel nom curieux. Pas super glamour pour un quartier, qui au fil des ans est devenu l&rsquo;\u00e9picentre de la mode parisienne. De la splendeur des bals masqu\u00e9s de l&rsquo;aristocratie aux ateliers de confection de la mode parisienne, la mode a marqu\u00e9 son histoire dans la [&hellip;]\" \/>\n<meta property=\"og:url\" content=\"https:\/\/dresslikeaparisian.com\/fr\/visites-guidees\/\" \/>\n<meta property=\"og:site_name\" content=\"Personal Shopper Paris - Dress like a Parisian\" \/>\n<meta property=\"article:publisher\" content=\"https:\/\/www.facebook.com\/dresslikeaparisian\/\" \/>\n<meta property=\"article:modified_time\" content=\"2020-12-01T15:11:24+00:00\" \/>\n<meta name=\"twitter:card\" content=\"summary_large_image\" \/>\n<meta name=\"twitter:label1\" content=\"Dur\u00e9e de lecture est.\">\n\t<meta name=\"twitter:data1\" content=\"2 minutes\">\n<script type=\"application\/ld+json\" class=\"yoast-schema-graph\">{\"@context\":\"https:\/\/schema.org\",\"@graph\":[{\"@type\":\"WebSite\",\"@id\":\"https:\/\/dresslikeaparisian.com\/#website\",\"url\":\"https:\/\/dresslikeaparisian.com\/\",\"name\":\"Personal Shopper Paris - Dress like a Parisian\",\"description\":\"\",\"potentialAction\":[{\"@type\":\"SearchAction\",\"target\":\"https:\/\/dresslikeaparisian.com\/?s={search_term_string}\",\"query-input\":\"required name=search_term_string\"}],\"inLanguage\":\"fr-FR\"},{\"@type\":\"WebPage\",\"@id\":\"https:\/\/dresslikeaparisian.com\/fr\/visites-guidees\/#webpage\",\"url\":\"https:\/\/dresslikeaparisian.com\/fr\/visites-guidees\/\",\"name\":\"Visite guid\\u00e9e - Personal Shopper Paris - Dress like a Parisian\",\"isPartOf\":{\"@id\":\"https:\/\/dresslikeaparisian.com\/#website\"},\"datePublished\":\"2014-11-12T10:14:39+00:00\",\"dateModified\":\"2020-12-01T15:11:24+00:00\",\"breadcrumb\":{\"@id\":\"https:\/\/dresslikeaparisian.com\/fr\/visites-guidees\/#breadcrumb\"},\"inLanguage\":\"fr-FR\",\"potentialAction\":[{\"@type\":\"ReadAction\",\"target\":[\"https:\/\/dresslikeaparisian.com\/fr\/visites-guidees\/\"]}]},{\"@type\":\"BreadcrumbList\",\"@id\":\"https:\/\/dresslikeaparisian.com\/fr\/visites-guidees\/#breadcrumb\",\"itemListElement\":[{\"@type\":\"ListItem\",\"position\":1,\"item\":{\"@type\":\"WebPage\",\"@id\":\"https:\/\/dresslikeaparisian.com\/\",\"url\":\"https:\/\/dresslikeaparisian.com\/\",\"name\":\"Home\"}},{\"@type\":\"ListItem\",\"position\":2,\"item\":{\"@type\":\"WebPage\",\"@id\":\"https:\/\/dresslikeaparisian.com\/fr\/visites-guidees\/\",\"url\":\"https:\/\/dresslikeaparisian.com\/fr\/visites-guidees\/\",\"name\":\"Fashion tour\"}}]}]}<\/script>\n<!-- \/ Yoast SEO plugin. -->","_links":{"self":[{"href":"https:\/\/dresslikeaparisian.com\/fr\/wp-json\/wp\/v2\/pages\/1462"}],"collection":[{"href":"https:\/\/dresslikeaparisian.com\/fr\/wp-json\/wp\/v2\/pages"}],"about":[{"href":"https:\/\/dresslikeaparisian.com\/fr\/wp-json\/wp\/v2\/types\/page"}],"author":[{"embeddable":true,"href":"https:\/\/dresslikeaparisian.com\/fr\/wp-json\/wp\/v2\/users\/2"}],"replies":[{"embeddable":true,"href":"https:\/\/dresslikeaparisian.com\/fr\/wp-json\/wp\/v2\/comments?post=1462"}],"version-history":[{"count":38,"href":"https:\/\/dresslikeaparisian.com\/fr\/wp-json\/wp\/v2\/pages\/1462\/revisions"}],"predecessor-version":[{"id":6534,"href":"https:\/\/dresslikeaparisian.com\/fr\/wp-json\/wp\/v2\/pages\/1462\/revisions\/6534"}],"wp:attachment":[{"href":"https:\/\/dresslikeaparisian.com\/fr\/wp-json\/wp\/v2\/media?parent=1462"}],"curies":[{"name":"wp","href":"https:\/\/api.w.org\/{rel}","templated":true}]}}